{"id":533,"date":"2023-05-11T19:42:20","date_gmt":"2023-05-11T17:42:20","guid":{"rendered":"https:\/\/pondusair.cz\/pl\/?page_id=533"},"modified":"2023-06-08T11:59:13","modified_gmt":"2023-06-08T09:59:13","slug":"pplh","status":"publish","type":"page","link":"https:\/\/pondusair.cz\/pl\/pplh\/","title":{"rendered":"PPL(H)"},"content":{"rendered":"\t\t<div data-elementor-type=\"wp-page\" data-elementor-id=\"533\" class=\"elementor elementor-533\" data-elementor-post-type=\"page\">\n\t\t\t\t\t\t<section class=\"elementor-section elementor-top-section elementor-element elementor-element-e0907c9 elementor-section-height-min-height elementor-section-boxed elementor-section-height-default elementor-section-items-middle\" data-id=\"e0907c9\" data-element_type=\"section\" data-settings=\"{&quot;background_background&quot;:&quot;classic&quot;,&quot;shape_divider_bottom_negative&quot;:&quot;yes&quot;,&quot;shape_divider_bottom&quot;:&quot;triangle&quot;}\">\n\t\t\t\t\t\t\t<div class=\"elementor-background-overlay\"><\/div>\n\t\t\t\t\t\t<div class=\"elementor-shape elementor-shape-bottom\" data-negative=\"true\">\n\t\t\t<svg xmlns=\"http:\/\/www.w3.org\/2000\/svg\" viewBox=\"0 0 1000 100\" preserveAspectRatio=\"none\">\n\t<path class=\"elementor-shape-fill\" d=\"M500.2,94.7L0,0v100h1000V0L500.2,94.7z\"\/>\n<\/svg>\t\t<\/div>\n\t\t\t\t\t<div class=\"elementor-container elementor-column-gap-no\">\n\t\t\t\t\t<div class=\"elementor-column elementor-col-100 elementor-top-column elementor-element elementor-element-b1e7ecf elementor-invisible\" data-id=\"b1e7ecf\" data-element_type=\"column\" data-settings=\"{&quot;animation&quot;:&quot;fadeInLeft&quot;,&quot;animation_tablet&quot;:&quot;none&quot;}\">\n\t\t\t<div class=\"elementor-widget-wrap elementor-element-populated\">\n\t\t\t\t\t\t<div class=\"elementor-element elementor-element-72bc581 elementor-widget elementor-widget-text-editor\" data-id=\"72bc581\" data-element_type=\"widget\" data-widget_type=\"text-editor.default\">\n\t\t\t\t<div class=\"elementor-widget-container\">\n\t\t\t<style>\/*! elementor - v3.21.0 - 26-05-2024 *\/\n.elementor-widget-text-editor.elementor-drop-cap-view-stacked .elementor-drop-cap{background-color:#69727d;color:#fff}.elementor-widget-text-editor.elementor-drop-cap-view-framed .elementor-drop-cap{color:#69727d;border:3px solid;background-color:transparent}.elementor-widget-text-editor:not(.elementor-drop-cap-view-default) .elementor-drop-cap{margin-top:8px}.elementor-widget-text-editor:not(.elementor-drop-cap-view-default) .elementor-drop-cap-letter{width:1em;height:1em}.elementor-widget-text-editor .elementor-drop-cap{float:left;text-align:center;line-height:1;font-size:50px}.elementor-widget-text-editor .elementor-drop-cap-letter{display:inline-block}<\/style>\t\t\t\t<p>Vrtuln\u00edky<\/p>\t\t\t\t\t\t<\/div>\n\t\t\t\t<\/div>\n\t\t\t\t<div class=\"elementor-element elementor-element-08fb782 elementor-widget elementor-widget-text-editor\" data-id=\"08fb782\" data-element_type=\"widget\" data-widget_type=\"text-editor.default\">\n\t\t\t\t<div class=\"elementor-widget-container\">\n\t\t\t\t\t\t\t<p><strong>PPL(H)<\/strong><\/p>\t\t\t\t\t\t<\/div>\n\t\t\t\t<\/div>\n\t\t\t\t\t<\/div>\n\t\t<\/div>\n\t\t\t\t\t<\/div>\n\t\t<\/section>\n\t\t\t\t<section class=\"elementor-section elementor-top-section elementor-element elementor-element-7ee5220 elementor-reverse-tablet elementor-reverse-mobile elementor-section-boxed elementor-section-height-default elementor-section-height-default\" data-id=\"7ee5220\" data-element_type=\"section\">\n\t\t\t\t\t\t<div class=\"elementor-container elementor-column-gap-no\">\n\t\t\t\t\t<div class=\"elementor-column elementor-col-50 elementor-top-column elementor-element elementor-element-97a8b68\" data-id=\"97a8b68\" data-element_type=\"column\" data-settings=\"{&quot;background_background&quot;:&quot;classic&quot;}\">\n\t\t\t<div class=\"elementor-widget-wrap elementor-element-populated\">\n\t\t\t\t\t\t<section class=\"elementor-section elementor-inner-section elementor-element elementor-element-ad6d6d6 elementor-section-boxed elementor-section-height-default elementor-section-height-default\" data-id=\"ad6d6d6\" data-element_type=\"section\" data-settings=\"{&quot;background_background&quot;:&quot;classic&quot;}\">\n\t\t\t\t\t\t<div class=\"elementor-container elementor-column-gap-default\">\n\t\t\t\t\t<div class=\"elementor-column elementor-col-100 elementor-inner-column elementor-element elementor-element-3fdad65\" data-id=\"3fdad65\" data-element_type=\"column\">\n\t\t\t<div class=\"elementor-widget-wrap elementor-element-populated\">\n\t\t\t\t\t\t<div class=\"elementor-element elementor-element-0972831 elementor-widget elementor-widget-spacer\" data-id=\"0972831\" data-element_type=\"widget\" data-widget_type=\"spacer.default\">\n\t\t\t\t<div class=\"elementor-widget-container\">\n\t\t\t<style>\/*! elementor - v3.21.0 - 26-05-2024 *\/\n.elementor-column .elementor-spacer-inner{height:var(--spacer-size)}.e-con{--container-widget-width:100%}.e-con-inner>.elementor-widget-spacer,.e-con>.elementor-widget-spacer{width:var(--container-widget-width,var(--spacer-size));--align-self:var(--container-widget-align-self,initial);--flex-shrink:0}.e-con-inner>.elementor-widget-spacer>.elementor-widget-container,.e-con>.elementor-widget-spacer>.elementor-widget-container{height:100%;width:100%}.e-con-inner>.elementor-widget-spacer>.elementor-widget-container>.elementor-spacer,.e-con>.elementor-widget-spacer>.elementor-widget-container>.elementor-spacer{height:100%}.e-con-inner>.elementor-widget-spacer>.elementor-widget-container>.elementor-spacer>.elementor-spacer-inner,.e-con>.elementor-widget-spacer>.elementor-widget-container>.elementor-spacer>.elementor-spacer-inner{height:var(--container-widget-height,var(--spacer-size))}.e-con-inner>.elementor-widget-spacer.elementor-widget-empty,.e-con>.elementor-widget-spacer.elementor-widget-empty{position:relative;min-height:22px;min-width:22px}.e-con-inner>.elementor-widget-spacer.elementor-widget-empty .elementor-widget-empty-icon,.e-con>.elementor-widget-spacer.elementor-widget-empty .elementor-widget-empty-icon{position:absolute;top:0;bottom:0;left:0;right:0;margin:auto;padding:0;width:22px;height:22px}<\/style>\t\t<div class=\"elementor-spacer\">\n\t\t\t<div class=\"elementor-spacer-inner\"><\/div>\n\t\t<\/div>\n\t\t\t\t<\/div>\n\t\t\t\t<\/div>\n\t\t\t\t<div class=\"elementor-element elementor-element-231c98e elementor-widget__width-initial elementor-view-default elementor-widget elementor-widget-icon\" data-id=\"231c98e\" data-element_type=\"widget\" data-widget_type=\"icon.default\">\n\t\t\t\t<div class=\"elementor-widget-container\">\n\t\t\t\t\t<div class=\"elementor-icon-wrapper\">\n\t\t\t<div class=\"elementor-icon\">\n\t\t\t<i aria-hidden=\"true\" class=\"fas fa-helicopter\"><\/i>\t\t\t<\/div>\n\t\t<\/div>\n\t\t\t\t<\/div>\n\t\t\t\t<\/div>\n\t\t\t\t\t<\/div>\n\t\t<\/div>\n\t\t\t\t\t<\/div>\n\t\t<\/section>\n\t\t\t\t\t<\/div>\n\t\t<\/div>\n\t\t\t\t<div class=\"elementor-column elementor-col-50 elementor-top-column elementor-element elementor-element-7e1ad9e\" data-id=\"7e1ad9e\" data-element_type=\"column\">\n\t\t\t<div class=\"elementor-widget-wrap elementor-element-populated\">\n\t\t\t\t\t\t<div class=\"elementor-element elementor-element-f3f435b elementor-widget elementor-widget-heading\" data-id=\"f3f435b\" data-element_type=\"widget\" data-widget_type=\"heading.default\">\n\t\t\t\t<div class=\"elementor-widget-container\">\n\t\t\t<style>\/*! elementor - v3.21.0 - 26-05-2024 *\/\n.elementor-heading-title{padding:0;margin:0;line-height:1}.elementor-widget-heading .elementor-heading-title[class*=elementor-size-]>a{color:inherit;font-size:inherit;line-height:inherit}.elementor-widget-heading .elementor-heading-title.elementor-size-small{font-size:15px}.elementor-widget-heading .elementor-heading-title.elementor-size-medium{font-size:19px}.elementor-widget-heading .elementor-heading-title.elementor-size-large{font-size:29px}.elementor-widget-heading .elementor-heading-title.elementor-size-xl{font-size:39px}.elementor-widget-heading .elementor-heading-title.elementor-size-xxl{font-size:59px}<\/style><h2 class=\"elementor-heading-title elementor-size-default\">Leteck\u00fd v\u00fdcvik<\/h2>\t\t<\/div>\n\t\t\t\t<\/div>\n\t\t\t\t<div class=\"elementor-element elementor-element-582ac7f elementor-widget elementor-widget-heading\" data-id=\"582ac7f\" data-element_type=\"widget\" data-widget_type=\"heading.default\">\n\t\t\t\t<div class=\"elementor-widget-container\">\n\t\t\t<h2 class=\"elementor-heading-title elementor-size-default\">PPL(H)<\/h2>\t\t<\/div>\n\t\t\t\t<\/div>\n\t\t\t\t<div class=\"elementor-element elementor-element-c7b8a18 elementor-widget elementor-widget-text-editor\" data-id=\"c7b8a18\" data-element_type=\"widget\" data-widget_type=\"text-editor.default\">\n\t\t\t\t<div class=\"elementor-widget-container\">\n\t\t\t\t\t\t\t<p>Licence soukrom\u00e9ho pilota vrtuln\u00edku je ur\u010den v\u0161em, kte\u0159\u00ed cht\u011bj\u00ed l\u00e9tat pro vlastn\u00ed \u00fa\u010dely, nebo odstartovat kari\u00e9ru profesion\u00e1ln\u00edho pilota vrtuln\u00edk\u016f.<\/p>\t\t\t\t\t\t<\/div>\n\t\t\t\t<\/div>\n\t\t\t\t<div class=\"elementor-element elementor-element-37608c2 elementor-widget elementor-widget-heading\" data-id=\"37608c2\" data-element_type=\"widget\" data-widget_type=\"heading.default\">\n\t\t\t\t<div class=\"elementor-widget-container\">\n\t\t\t<h2 class=\"elementor-heading-title elementor-size-default\">Vstupn\u00ed po\u017eadavky<\/h2>\t\t<\/div>\n\t\t\t\t<\/div>\n\t\t\t\t<div class=\"elementor-element elementor-element-53f8676 elementor-mobile-align-left elementor-icon-list--layout-traditional elementor-list-item-link-full_width elementor-widget elementor-widget-icon-list\" data-id=\"53f8676\" data-element_type=\"widget\" data-widget_type=\"icon-list.default\">\n\t\t\t\t<div class=\"elementor-widget-container\">\n\t\t\t<link rel=\"stylesheet\" href=\"https:\/\/pondusair.cz\/pl\/wp-content\/plugins\/elementor\/assets\/css\/widget-icon-list.min.css\">\t\t<ul class=\"elementor-icon-list-items\">\n\t\t\t\t\t\t\t<li class=\"elementor-icon-list-item\">\n\t\t\t\t\t\t\t\t\t\t\t<span class=\"elementor-icon-list-icon\">\n\t\t\t\t\t\t\t<i aria-hidden=\"true\" class=\"fas fa-check-circle\"><\/i>\t\t\t\t\t\t<\/span>\n\t\t\t\t\t\t\t\t\t\t<span class=\"elementor-icon-list-text\">Minim\u00e1ln\u00ed v\u011bk pro vyd\u00e1n\u00ed licence je 17 let<\/span>\n\t\t\t\t\t\t\t\t\t<\/li>\n\t\t\t\t\t\t\t\t<li class=\"elementor-icon-list-item\">\n\t\t\t\t\t\t\t\t\t\t\t<span class=\"elementor-icon-list-icon\">\n\t\t\t\t\t\t\t<i aria-hidden=\"true\" class=\"fas fa-check-circle\"><\/i>\t\t\t\t\t\t<\/span>\n\t\t\t\t\t\t\t\t\t\t<span class=\"elementor-icon-list-text\">Radiotelefonn\u00ed pr\u016fkaz<\/span>\n\t\t\t\t\t\t\t\t\t<\/li>\n\t\t\t\t\t\t\t\t<li class=\"elementor-icon-list-item\">\n\t\t\t\t\t\t\t\t\t\t\t<span class=\"elementor-icon-list-icon\">\n\t\t\t\t\t\t\t<i aria-hidden=\"true\" class=\"fas fa-check-circle\"><\/i>\t\t\t\t\t\t<\/span>\n\t\t\t\t\t\t\t\t\t\t<span class=\"elementor-icon-list-text\">Zdravotn\u00ed zp\u016fsobilost min. 2 t\u0159\u00eddy<\/span>\n\t\t\t\t\t\t\t\t\t<\/li>\n\t\t\t\t\t\t<\/ul>\n\t\t\t\t<\/div>\n\t\t\t\t<\/div>\n\t\t\t\t<div class=\"elementor-element elementor-element-e53d00d elementor-widget elementor-widget-heading\" data-id=\"e53d00d\" data-element_type=\"widget\" data-widget_type=\"heading.default\">\n\t\t\t\t<div class=\"elementor-widget-container\">\n\t\t\t<h2 class=\"elementor-heading-title elementor-size-default\">Teoretick\u00e1 \u010d\u00e1st<\/h2>\t\t<\/div>\n\t\t\t\t<\/div>\n\t\t\t\t<div class=\"elementor-element elementor-element-554acf9 elementor-widget elementor-widget-text-editor\" data-id=\"554acf9\" data-element_type=\"widget\" data-widget_type=\"text-editor.default\">\n\t\t\t\t<div class=\"elementor-widget-container\">\n\t\t\t\t\t\t\t<p>Teorie pilota PPL se skl\u00e1d\u00e1 ze 100 hodin, \u017e\u00e1k si osvoj\u00ed teoretick\u00e9 z\u00e1klady v\u00a09 p\u0159edm\u011btech, jako prvn\u00ed ho \u010dek\u00e1 \u00favod do leteck\u00fdch z\u00e1kon\u016f, meteorologie, kter\u00e1 se pot\u00e9 prol\u00edn\u00e1 se\u00a0z\u00e1klady letu a nezbytn\u00e1 sou\u010d\u00e1st je komunikace v\u00a0letov\u00e9m provozu a lidsk\u00e1 v\u00fdkonnost. Po 50 hodin\u00e1ch se teorie bude st\u0159\u00eddat s\u00a0letovou prax\u00ed, b\u011bhem kter\u00e9 se \u017e\u00e1k za\u010dne setk\u00e1vat s\u00a0p\u0159edm\u011bty provozn\u00ed postupy, pl\u00e1nov\u00e1n\u00ed a proveden\u00ed letu. Jedn\u00edm z\u00a0posledn\u00edch p\u0159edm\u011bt\u016f bude leteck\u00e1 navigace, se kterou se \u017e\u00e1k sezn\u00e1m\u00ed p\u0159ed l\u00e9t\u00e1n\u00edm naviga\u010dn\u00edch let\u016f. Z\u00e1v\u011br cel\u00e9 teoretick\u00e9 v\u00fduky bude zkou\u0161ka na \u00da\u0159ad\u011b civiln\u00edho letectv\u00ed.<\/p>\t\t\t\t\t\t<\/div>\n\t\t\t\t<\/div>\n\t\t\t\t<div class=\"elementor-element elementor-element-162614b elementor-widget elementor-widget-heading\" data-id=\"162614b\" data-element_type=\"widget\" data-widget_type=\"heading.default\">\n\t\t\t\t<div class=\"elementor-widget-container\">\n\t\t\t<h2 class=\"elementor-heading-title elementor-size-default\">Praktick\u00e1 \u010d\u00e1st<\/h2>\t\t<\/div>\n\t\t\t\t<\/div>\n\t\t\t\t<div class=\"elementor-element elementor-element-b7beb72 elementor-widget elementor-widget-text-editor\" data-id=\"b7beb72\" data-element_type=\"widget\" data-widget_type=\"text-editor.default\">\n\t\t\t\t<div class=\"elementor-widget-container\">\n\t\t\t\t\t\t\t<p>Po absolvov\u00e1n\u00ed minim\u00e1ln\u011b 50 hodin teorie se \u017e\u00e1k dost\u00e1v\u00e1 k\u00a0praktick\u00e9mu v\u00fdcviku, kter\u00fd se skl\u00e1d\u00e1 ze 45 hodin ve vrtuln\u00edku, prvn\u00ed lety jsou pro \u017e\u00e1ka jako sezn\u00e1men\u00ed s\u00a0vrtuln\u00edkem. \u017d\u00e1k je sezn\u00e1men se z\u00e1kladn\u00ed pilot\u00e1\u017e\u00ed: p\u0159\u00edm\u00fd a vodorovn\u00fd let, stoup\u00e1n\u00ed, kles\u00e1n\u00ed, z\u00e1kladn\u00ed autorotace a takt\u00e9\u017e visen\u00ed. Po osvojen\u00ed z\u00e1kladn\u00ed pilot\u00e1\u017ee n\u00e1sleduj\u00ed lety po okruhu, kdy \u017e\u00e1k cvi\u010d\u00ed vzlety a p\u0159ist\u00e1n\u00ed. Po zvl\u00e1dnut\u00ed let\u016f po okruhu a nouzov\u00fdch postup\u016f je \u017e\u00e1k p\u0159ezkou\u0161en k\u00a0prvn\u00edmu s\u00f3lov\u00e9mu letu. Jakmile \u017e\u00e1k spln\u00ed s\u00f3lov\u00e9 lety, p\u0159ech\u00e1z\u00ed k\u00a0pokro\u010dilej\u0161\u00ed pilot\u00e1\u017ei. Posledn\u00ed f\u00e1ze v\u00fdcviku jsou naviga\u010dn\u00ed lety, kdy \u017e\u00e1k takt\u00e9\u017e absolvuje s\u00f3lo lety. P\u0159i \u00fasp\u011b\u0161n\u00e9m spln\u011bn\u00ed cel\u00e9ho v\u00fdcviku, \u017e\u00e1ka \u010dek\u00e1 zkou\u0161ka s\u00a0examin\u00e1torem \u00da\u0159adu civiln\u00edho letectv\u00ed.<\/p>\t\t\t\t\t\t<\/div>\n\t\t\t\t<\/div>\n\t\t\t\t\t<\/div>\n\t\t<\/div>\n\t\t\t\t\t<\/div>\n\t\t<\/section>\n\t\t\t\t<\/div>\n\t\t","protected":false},"excerpt":{"rendered":"<p>Vrtuln\u00edky PPL(H) Leteck\u00fd v\u00fdcvik PPL(H) Licence soukrom\u00e9ho pilota vrtuln\u00edku je ur\u010den v\u0161em, kte\u0159\u00ed cht\u011bj\u00ed l\u00e9tat pro vlastn\u00ed \u00fa\u010dely, nebo odstartovat kari\u00e9ru profesion\u00e1ln\u00edho pilota vrtuln\u00edk\u016f. Vstupn\u00ed po\u017eadavky Minim\u00e1ln\u00ed v\u011bk pro vyd\u00e1n\u00ed licence je 17 let Radiotelefonn\u00ed pr\u016fkaz Zdravotn\u00ed zp\u016fsobilost min. 2 t\u0159\u00eddy Teoretick\u00e1 \u010d\u00e1st Teorie pilota PPL se skl\u00e1d\u00e1 ze 100 hodin, \u017e\u00e1k si osvoj\u00ed teoretick\u00e9 [&hellip;]<\/p>\n","protected":false},"author":1,"featured_media":0,"parent":0,"menu_order":0,"comment_status":"closed","ping_status":"closed","template":"elementor_header_footer","meta":{"footnotes":""},"yoast_head":"<!-- This site is optimized with the Yoast SEO plugin v22.8 - https:\/\/yoast.com\/wordpress\/plugins\/seo\/ -->\n<title>PPL(H) - Pondus Air PL<\/title>\n<meta name=\"robots\" content=\"index, follow, max-snippet:-1, max-image-preview:large, max-video-preview:-1\" \/>\n<link rel=\"canonical\" href=\"https:\/\/pondusair.cz\/pl\/pplh\/\" \/>\n<meta property=\"og:locale\" content=\"cs_CZ\" \/>\n<meta property=\"og:type\" content=\"article\" \/>\n<meta property=\"og:title\" content=\"PPL(H) - Pondus Air PL\" \/>\n<meta property=\"og:description\" content=\"Vrtuln\u00edky PPL(H) Leteck\u00fd v\u00fdcvik PPL(H) Licence soukrom\u00e9ho pilota vrtuln\u00edku je ur\u010den v\u0161em, kte\u0159\u00ed cht\u011bj\u00ed l\u00e9tat pro vlastn\u00ed \u00fa\u010dely, nebo odstartovat kari\u00e9ru profesion\u00e1ln\u00edho pilota vrtuln\u00edk\u016f. Vstupn\u00ed po\u017eadavky Minim\u00e1ln\u00ed v\u011bk pro vyd\u00e1n\u00ed licence je 17 let Radiotelefonn\u00ed pr\u016fkaz Zdravotn\u00ed zp\u016fsobilost min. 2 t\u0159\u00eddy Teoretick\u00e1 \u010d\u00e1st Teorie pilota PPL se skl\u00e1d\u00e1 ze 100 hodin, \u017e\u00e1k si osvoj\u00ed teoretick\u00e9 [&hellip;]\" \/>\n<meta property=\"og:url\" content=\"https:\/\/pondusair.cz\/pl\/pplh\/\" \/>\n<meta property=\"og:site_name\" content=\"Pondus Air PL\" \/>\n<meta property=\"article:publisher\" content=\"https:\/\/www.facebook.com\/pondusair\" \/>\n<meta property=\"article:modified_time\" content=\"2023-06-08T09:59:13+00:00\" \/>\n<meta property=\"og:image\" content=\"https:\/\/pondusair.cz\/pl\/wp-content\/uploads\/2023\/07\/Pondus-Air-Letecka-spolecnost-a-skola-pilotu.-Naucte-se-letat.jpg\" \/>\n\t<meta property=\"og:image:width\" content=\"1984\" \/>\n\t<meta property=\"og:image:height\" content=\"1116\" \/>\n\t<meta property=\"og:image:type\" content=\"image\/jpeg\" \/>\n<meta name=\"twitter:card\" content=\"summary_large_image\" \/>\n<meta name=\"twitter:label1\" content=\"Odhadovan\u00e1 doba \u010dten\u00ed\" \/>\n\t<meta name=\"twitter:data1\" content=\"2 minuty\" \/>\n<script type=\"application\/ld+json\" class=\"yoast-schema-graph\">{\"@context\":\"https:\/\/schema.org\",\"@graph\":[{\"@type\":\"WebPage\",\"@id\":\"https:\/\/pondusair.cz\/pl\/pplh\/\",\"url\":\"https:\/\/pondusair.cz\/pl\/pplh\/\",\"name\":\"PPL(H) - Pondus Air PL\",\"isPartOf\":{\"@id\":\"https:\/\/pondusair.cz\/pl\/#website\"},\"datePublished\":\"2023-05-11T17:42:20+00:00\",\"dateModified\":\"2023-06-08T09:59:13+00:00\",\"breadcrumb\":{\"@id\":\"https:\/\/pondusair.cz\/pl\/pplh\/#breadcrumb\"},\"inLanguage\":\"cs\",\"potentialAction\":[{\"@type\":\"ReadAction\",\"target\":[\"https:\/\/pondusair.cz\/pl\/pplh\/\"]}]},{\"@type\":\"BreadcrumbList\",\"@id\":\"https:\/\/pondusair.cz\/pl\/pplh\/#breadcrumb\",\"itemListElement\":[{\"@type\":\"ListItem\",\"position\":1,\"name\":\"Dom\u016f\",\"item\":\"https:\/\/pondusair.cz\/pl\/\"},{\"@type\":\"ListItem\",\"position\":2,\"name\":\"PPL(H)\"}]},{\"@type\":\"WebSite\",\"@id\":\"https:\/\/pondusair.cz\/pl\/#website\",\"url\":\"https:\/\/pondusair.cz\/pl\/\",\"name\":\"Pondus Air PL\",\"description\":\"Leteck\u00e1 spole\u010dnost a \u0161kola pilot\u016f. Nau\u010dte se l\u00e9tat!\",\"publisher\":{\"@id\":\"https:\/\/pondusair.cz\/pl\/#organization\"},\"potentialAction\":[{\"@type\":\"SearchAction\",\"target\":{\"@type\":\"EntryPoint\",\"urlTemplate\":\"https:\/\/pondusair.cz\/pl\/?s={search_term_string}\"},\"query-input\":\"required name=search_term_string\"}],\"inLanguage\":\"cs\"},{\"@type\":\"Organization\",\"@id\":\"https:\/\/pondusair.cz\/pl\/#organization\",\"name\":\"Pondus Air s.r.o.\",\"url\":\"https:\/\/pondusair.cz\/pl\/\",\"logo\":{\"@type\":\"ImageObject\",\"inLanguage\":\"cs\",\"@id\":\"https:\/\/pondusair.cz\/pl\/#\/schema\/logo\/image\/\",\"url\":\"https:\/\/pondusair.cz\/pl\/wp-content\/uploads\/2023\/05\/Pondus-Air-Logo_Kreslici-platno-1.png\",\"contentUrl\":\"https:\/\/pondusair.cz\/pl\/wp-content\/uploads\/2023\/05\/Pondus-Air-Logo_Kreslici-platno-1.png\",\"width\":452,\"height\":115,\"caption\":\"Pondus Air s.r.o.\"},\"image\":{\"@id\":\"https:\/\/pondusair.cz\/pl\/#\/schema\/logo\/image\/\"},\"sameAs\":[\"https:\/\/www.facebook.com\/pondusair\"]}]}<\/script>\n<!-- \/ Yoast SEO plugin. -->","yoast_head_json":{"title":"PPL(H) - Pondus Air PL","robots":{"index":"index","follow":"follow","max-snippet":"max-snippet:-1","max-image-preview":"max-image-preview:large","max-video-preview":"max-video-preview:-1"},"canonical":"https:\/\/pondusair.cz\/pl\/pplh\/","og_locale":"cs_CZ","og_type":"article","og_title":"PPL(H) - Pondus Air PL","og_description":"Vrtuln\u00edky PPL(H) Leteck\u00fd v\u00fdcvik PPL(H) Licence soukrom\u00e9ho pilota vrtuln\u00edku je ur\u010den v\u0161em, kte\u0159\u00ed cht\u011bj\u00ed l\u00e9tat pro vlastn\u00ed \u00fa\u010dely, nebo odstartovat kari\u00e9ru profesion\u00e1ln\u00edho pilota vrtuln\u00edk\u016f. Vstupn\u00ed po\u017eadavky Minim\u00e1ln\u00ed v\u011bk pro vyd\u00e1n\u00ed licence je 17 let Radiotelefonn\u00ed pr\u016fkaz Zdravotn\u00ed zp\u016fsobilost min. 2 t\u0159\u00eddy Teoretick\u00e1 \u010d\u00e1st Teorie pilota PPL se skl\u00e1d\u00e1 ze 100 hodin, \u017e\u00e1k si osvoj\u00ed teoretick\u00e9 [&hellip;]","og_url":"https:\/\/pondusair.cz\/pl\/pplh\/","og_site_name":"Pondus Air PL","article_publisher":"https:\/\/www.facebook.com\/pondusair","article_modified_time":"2023-06-08T09:59:13+00:00","og_image":[{"width":1984,"height":1116,"url":"https:\/\/pondusair.cz\/pl\/wp-content\/uploads\/2023\/07\/Pondus-Air-Letecka-spolecnost-a-skola-pilotu.-Naucte-se-letat.jpg","type":"image\/jpeg"}],"twitter_card":"summary_large_image","twitter_misc":{"Odhadovan\u00e1 doba \u010dten\u00ed":"2 minuty"},"schema":{"@context":"https:\/\/schema.org","@graph":[{"@type":"WebPage","@id":"https:\/\/pondusair.cz\/pl\/pplh\/","url":"https:\/\/pondusair.cz\/pl\/pplh\/","name":"PPL(H) - Pondus Air PL","isPartOf":{"@id":"https:\/\/pondusair.cz\/pl\/#website"},"datePublished":"2023-05-11T17:42:20+00:00","dateModified":"2023-06-08T09:59:13+00:00","breadcrumb":{"@id":"https:\/\/pondusair.cz\/pl\/pplh\/#breadcrumb"},"inLanguage":"cs","potentialAction":[{"@type":"ReadAction","target":["https:\/\/pondusair.cz\/pl\/pplh\/"]}]},{"@type":"BreadcrumbList","@id":"https:\/\/pondusair.cz\/pl\/pplh\/#breadcrumb","itemListElement":[{"@type":"ListItem","position":1,"name":"Dom\u016f","item":"https:\/\/pondusair.cz\/pl\/"},{"@type":"ListItem","position":2,"name":"PPL(H)"}]},{"@type":"WebSite","@id":"https:\/\/pondusair.cz\/pl\/#website","url":"https:\/\/pondusair.cz\/pl\/","name":"Pondus Air PL","description":"Leteck\u00e1 spole\u010dnost a \u0161kola pilot\u016f. Nau\u010dte se l\u00e9tat!","publisher":{"@id":"https:\/\/pondusair.cz\/pl\/#organization"},"potentialAction":[{"@type":"SearchAction","target":{"@type":"EntryPoint","urlTemplate":"https:\/\/pondusair.cz\/pl\/?s={search_term_string}"},"query-input":"required name=search_term_string"}],"inLanguage":"cs"},{"@type":"Organization","@id":"https:\/\/pondusair.cz\/pl\/#organization","name":"Pondus Air s.r.o.","url":"https:\/\/pondusair.cz\/pl\/","logo":{"@type":"ImageObject","inLanguage":"cs","@id":"https:\/\/pondusair.cz\/pl\/#\/schema\/logo\/image\/","url":"https:\/\/pondusair.cz\/pl\/wp-content\/uploads\/2023\/05\/Pondus-Air-Logo_Kreslici-platno-1.png","contentUrl":"https:\/\/pondusair.cz\/pl\/wp-content\/uploads\/2023\/05\/Pondus-Air-Logo_Kreslici-platno-1.png","width":452,"height":115,"caption":"Pondus Air s.r.o."},"image":{"@id":"https:\/\/pondusair.cz\/pl\/#\/schema\/logo\/image\/"},"sameAs":["https:\/\/www.facebook.com\/pondusair"]}]}},"_links":{"self":[{"href":"https:\/\/pondusair.cz\/pl\/wp-json\/wp\/v2\/pages\/533"}],"collection":[{"href":"https:\/\/pondusair.cz\/pl\/wp-json\/wp\/v2\/pages"}],"about":[{"href":"https:\/\/pondusair.cz\/pl\/wp-json\/wp\/v2\/types\/page"}],"author":[{"embeddable":true,"href":"https:\/\/pondusair.cz\/pl\/wp-json\/wp\/v2\/users\/1"}],"replies":[{"embeddable":true,"href":"https:\/\/pondusair.cz\/pl\/wp-json\/wp\/v2\/comments?post=533"}],"version-history":[{"count":19,"href":"https:\/\/pondusair.cz\/pl\/wp-json\/wp\/v2\/pages\/533\/revisions"}],"predecessor-version":[{"id":1392,"href":"https:\/\/pondusair.cz\/pl\/wp-json\/wp\/v2\/pages\/533\/revisions\/1392"}],"wp:attachment":[{"href":"https:\/\/pondusair.cz\/pl\/wp-json\/wp\/v2\/media?parent=533"}],"curies":[{"name":"wp","href":"https:\/\/api.w.org\/{rel}","templated":true}]}}