{"id":497,"date":"2023-05-11T19:12:06","date_gmt":"2023-05-11T17:12:06","guid":{"rendered":"https:\/\/pondusair.cz\/pl\/?page_id=497"},"modified":"2023-06-08T11:59:54","modified_gmt":"2023-06-08T09:59:54","slug":"fia","status":"publish","type":"page","link":"https:\/\/pondusair.cz\/pl\/fia\/","title":{"rendered":"FI(A)"},"content":{"rendered":"\t\t<div data-elementor-type=\"wp-page\" data-elementor-id=\"497\" class=\"elementor elementor-497\" data-elementor-post-type=\"page\">\n\t\t\t\t\t\t<section class=\"elementor-section elementor-top-section elementor-element elementor-element-e0907c9 elementor-section-height-min-height elementor-section-boxed elementor-section-height-default elementor-section-items-middle\" data-id=\"e0907c9\" data-element_type=\"section\" data-settings=\"{&quot;background_background&quot;:&quot;classic&quot;,&quot;shape_divider_bottom_negative&quot;:&quot;yes&quot;,&quot;shape_divider_bottom&quot;:&quot;triangle&quot;}\">\n\t\t\t\t\t\t\t<div class=\"elementor-background-overlay\"><\/div>\n\t\t\t\t\t\t<div class=\"elementor-shape elementor-shape-bottom\" data-negative=\"true\">\n\t\t\t<svg xmlns=\"http:\/\/www.w3.org\/2000\/svg\" viewBox=\"0 0 1000 100\" preserveAspectRatio=\"none\">\n\t<path class=\"elementor-shape-fill\" d=\"M500.2,94.7L0,0v100h1000V0L500.2,94.7z\"\/>\n<\/svg>\t\t<\/div>\n\t\t\t\t\t<div class=\"elementor-container elementor-column-gap-no\">\n\t\t\t\t\t<div class=\"elementor-column elementor-col-100 elementor-top-column elementor-element elementor-element-b1e7ecf elementor-invisible\" data-id=\"b1e7ecf\" data-element_type=\"column\" data-settings=\"{&quot;animation&quot;:&quot;fadeInLeft&quot;,&quot;animation_tablet&quot;:&quot;none&quot;}\">\n\t\t\t<div class=\"elementor-widget-wrap elementor-element-populated\">\n\t\t\t\t\t\t<div class=\"elementor-element elementor-element-72bc581 elementor-widget elementor-widget-text-editor\" data-id=\"72bc581\" data-element_type=\"widget\" data-widget_type=\"text-editor.default\">\n\t\t\t\t<div class=\"elementor-widget-container\">\n\t\t\t<style>\/*! elementor - v3.21.0 - 26-05-2024 *\/\n.elementor-widget-text-editor.elementor-drop-cap-view-stacked .elementor-drop-cap{background-color:#69727d;color:#fff}.elementor-widget-text-editor.elementor-drop-cap-view-framed .elementor-drop-cap{color:#69727d;border:3px solid;background-color:transparent}.elementor-widget-text-editor:not(.elementor-drop-cap-view-default) .elementor-drop-cap{margin-top:8px}.elementor-widget-text-editor:not(.elementor-drop-cap-view-default) .elementor-drop-cap-letter{width:1em;height:1em}.elementor-widget-text-editor .elementor-drop-cap{float:left;text-align:center;line-height:1;font-size:50px}.elementor-widget-text-editor .elementor-drop-cap-letter{display:inline-block}<\/style>\t\t\t\t<p>Letouny<\/p>\t\t\t\t\t\t<\/div>\n\t\t\t\t<\/div>\n\t\t\t\t<div class=\"elementor-element elementor-element-08fb782 elementor-widget elementor-widget-text-editor\" data-id=\"08fb782\" data-element_type=\"widget\" data-widget_type=\"text-editor.default\">\n\t\t\t\t<div class=\"elementor-widget-container\">\n\t\t\t\t\t\t\t<p><strong>FI(A)<\/strong><\/p>\t\t\t\t\t\t<\/div>\n\t\t\t\t<\/div>\n\t\t\t\t\t<\/div>\n\t\t<\/div>\n\t\t\t\t\t<\/div>\n\t\t<\/section>\n\t\t\t\t<section class=\"elementor-section elementor-top-section elementor-element elementor-element-7ee5220 elementor-reverse-tablet elementor-reverse-mobile elementor-section-boxed elementor-section-height-default elementor-section-height-default\" data-id=\"7ee5220\" data-element_type=\"section\">\n\t\t\t\t\t\t<div class=\"elementor-container elementor-column-gap-no\">\n\t\t\t\t\t<div class=\"elementor-column elementor-col-50 elementor-top-column elementor-element elementor-element-97a8b68\" data-id=\"97a8b68\" data-element_type=\"column\" data-settings=\"{&quot;background_background&quot;:&quot;classic&quot;}\">\n\t\t\t<div class=\"elementor-widget-wrap elementor-element-populated\">\n\t\t\t\t\t\t<section class=\"elementor-section elementor-inner-section elementor-element elementor-element-ad6d6d6 elementor-section-boxed elementor-section-height-default elementor-section-height-default\" data-id=\"ad6d6d6\" data-element_type=\"section\" data-settings=\"{&quot;background_background&quot;:&quot;classic&quot;}\">\n\t\t\t\t\t\t<div class=\"elementor-container elementor-column-gap-default\">\n\t\t\t\t\t<div class=\"elementor-column elementor-col-100 elementor-inner-column elementor-element elementor-element-3fdad65\" data-id=\"3fdad65\" data-element_type=\"column\">\n\t\t\t<div class=\"elementor-widget-wrap elementor-element-populated\">\n\t\t\t\t\t\t<div class=\"elementor-element elementor-element-0972831 elementor-widget elementor-widget-spacer\" data-id=\"0972831\" data-element_type=\"widget\" data-widget_type=\"spacer.default\">\n\t\t\t\t<div class=\"elementor-widget-container\">\n\t\t\t<style>\/*! elementor - v3.21.0 - 26-05-2024 *\/\n.elementor-column .elementor-spacer-inner{height:var(--spacer-size)}.e-con{--container-widget-width:100%}.e-con-inner>.elementor-widget-spacer,.e-con>.elementor-widget-spacer{width:var(--container-widget-width,var(--spacer-size));--align-self:var(--container-widget-align-self,initial);--flex-shrink:0}.e-con-inner>.elementor-widget-spacer>.elementor-widget-container,.e-con>.elementor-widget-spacer>.elementor-widget-container{height:100%;width:100%}.e-con-inner>.elementor-widget-spacer>.elementor-widget-container>.elementor-spacer,.e-con>.elementor-widget-spacer>.elementor-widget-container>.elementor-spacer{height:100%}.e-con-inner>.elementor-widget-spacer>.elementor-widget-container>.elementor-spacer>.elementor-spacer-inner,.e-con>.elementor-widget-spacer>.elementor-widget-container>.elementor-spacer>.elementor-spacer-inner{height:var(--container-widget-height,var(--spacer-size))}.e-con-inner>.elementor-widget-spacer.elementor-widget-empty,.e-con>.elementor-widget-spacer.elementor-widget-empty{position:relative;min-height:22px;min-width:22px}.e-con-inner>.elementor-widget-spacer.elementor-widget-empty .elementor-widget-empty-icon,.e-con>.elementor-widget-spacer.elementor-widget-empty .elementor-widget-empty-icon{position:absolute;top:0;bottom:0;left:0;right:0;margin:auto;padding:0;width:22px;height:22px}<\/style>\t\t<div class=\"elementor-spacer\">\n\t\t\t<div class=\"elementor-spacer-inner\"><\/div>\n\t\t<\/div>\n\t\t\t\t<\/div>\n\t\t\t\t<\/div>\n\t\t\t\t\t<\/div>\n\t\t<\/div>\n\t\t\t\t\t<\/div>\n\t\t<\/section>\n\t\t\t\t<div class=\"elementor-element elementor-element-231c98e elementor-widget__width-initial elementor-view-default elementor-widget elementor-widget-icon\" data-id=\"231c98e\" data-element_type=\"widget\" data-widget_type=\"icon.default\">\n\t\t\t\t<div class=\"elementor-widget-container\">\n\t\t\t\t\t<div class=\"elementor-icon-wrapper\">\n\t\t\t<div class=\"elementor-icon\">\n\t\t\t<i aria-hidden=\"true\" class=\"fas fa-plane\"><\/i>\t\t\t<\/div>\n\t\t<\/div>\n\t\t\t\t<\/div>\n\t\t\t\t<\/div>\n\t\t\t\t\t<\/div>\n\t\t<\/div>\n\t\t\t\t<div class=\"elementor-column elementor-col-50 elementor-top-column elementor-element elementor-element-7e1ad9e\" data-id=\"7e1ad9e\" data-element_type=\"column\">\n\t\t\t<div class=\"elementor-widget-wrap elementor-element-populated\">\n\t\t\t\t\t\t<div class=\"elementor-element elementor-element-f3f435b elementor-widget elementor-widget-heading\" data-id=\"f3f435b\" data-element_type=\"widget\" data-widget_type=\"heading.default\">\n\t\t\t\t<div class=\"elementor-widget-container\">\n\t\t\t<style>\/*! elementor - v3.21.0 - 26-05-2024 *\/\n.elementor-heading-title{padding:0;margin:0;line-height:1}.elementor-widget-heading .elementor-heading-title[class*=elementor-size-]>a{color:inherit;font-size:inherit;line-height:inherit}.elementor-widget-heading .elementor-heading-title.elementor-size-small{font-size:15px}.elementor-widget-heading .elementor-heading-title.elementor-size-medium{font-size:19px}.elementor-widget-heading .elementor-heading-title.elementor-size-large{font-size:29px}.elementor-widget-heading .elementor-heading-title.elementor-size-xl{font-size:39px}.elementor-widget-heading .elementor-heading-title.elementor-size-xxl{font-size:59px}<\/style><h2 class=\"elementor-heading-title elementor-size-default\">Leteck\u00fd v\u00fdcvik<\/h2>\t\t<\/div>\n\t\t\t\t<\/div>\n\t\t\t\t<div class=\"elementor-element elementor-element-582ac7f elementor-widget elementor-widget-heading\" data-id=\"582ac7f\" data-element_type=\"widget\" data-widget_type=\"heading.default\">\n\t\t\t\t<div class=\"elementor-widget-container\">\n\t\t\t<h2 class=\"elementor-heading-title elementor-size-default\">FI(A)<\/h2>\t\t<\/div>\n\t\t\t\t<\/div>\n\t\t\t\t<div class=\"elementor-element elementor-element-c7b8a18 elementor-widget elementor-widget-text-editor\" data-id=\"c7b8a18\" data-element_type=\"widget\" data-widget_type=\"text-editor.default\">\n\t\t\t\t<div class=\"elementor-widget-container\">\n\t\t\t\t\t\t\t<p>C\u00edlem kurzu je, aby \u017e\u00e1k (budouc\u00ed instruktor) byl schopen poskytovat v\u00fdcvik a\u017e do \u00farovn\u011b PPL(A), kurz p\u0159edev\u0161\u00edm rozv\u00edj\u00ed zvl\u00e1\u0161tn\u00ed dovednosti instruktora. Budouc\u00ed instruktor by m\u011bl b\u00fdt schopen p\u0159ed\u00e1vat sv\u00e9 znalosti a zku\u0161enosti \u017e\u00e1k\u016fm a budouc\u00edm pilot\u016fm.<\/p>\t\t\t\t\t\t<\/div>\n\t\t\t\t<\/div>\n\t\t\t\t<div class=\"elementor-element elementor-element-37608c2 elementor-widget elementor-widget-heading\" data-id=\"37608c2\" data-element_type=\"widget\" data-widget_type=\"heading.default\">\n\t\t\t\t<div class=\"elementor-widget-container\">\n\t\t\t<h2 class=\"elementor-heading-title elementor-size-default\">Vstupn\u00ed po\u017eadavky<\/h2>\t\t<\/div>\n\t\t\t\t<\/div>\n\t\t\t\t<div class=\"elementor-element elementor-element-53f8676 elementor-mobile-align-left elementor-icon-list--layout-traditional elementor-list-item-link-full_width elementor-widget elementor-widget-icon-list\" data-id=\"53f8676\" data-element_type=\"widget\" data-widget_type=\"icon-list.default\">\n\t\t\t\t<div class=\"elementor-widget-container\">\n\t\t\t<link rel=\"stylesheet\" href=\"https:\/\/pondusair.cz\/pl\/wp-content\/plugins\/elementor\/assets\/css\/widget-icon-list.min.css\">\t\t<ul class=\"elementor-icon-list-items\">\n\t\t\t\t\t\t\t<li class=\"elementor-icon-list-item\">\n\t\t\t\t\t\t\t\t\t\t\t<span class=\"elementor-icon-list-icon\">\n\t\t\t\t\t\t\t<i aria-hidden=\"true\" class=\"fas fa-check-circle\"><\/i>\t\t\t\t\t\t<\/span>\n\t\t\t\t\t\t\t\t\t\t<span class=\"elementor-icon-list-text\">Absolvovat alespo\u0148 10 hodin letov\u00e9ho v\u00fdcviku podle p\u0159\u00edstroj\u016f<\/span>\n\t\t\t\t\t\t\t\t\t<\/li>\n\t\t\t\t\t\t\t\t<li class=\"elementor-icon-list-item\">\n\t\t\t\t\t\t\t\t\t\t\t<span class=\"elementor-icon-list-icon\">\n\t\t\t\t\t\t\t<i aria-hidden=\"true\" class=\"fas fa-check-circle\"><\/i>\t\t\t\t\t\t<\/span>\n\t\t\t\t\t\t\t\t\t\t<span class=\"elementor-icon-list-text\">Absolvovat minim\u00e1ln\u011b 20 hodin naviga\u010dn\u00edch let\u016f podle pravidel letu VFR<\/span>\n\t\t\t\t\t\t\t\t\t<\/li>\n\t\t\t\t\t\t\t\t<li class=\"elementor-icon-list-item\">\n\t\t\t\t\t\t\t\t\t\t\t<span class=\"elementor-icon-list-icon\">\n\t\t\t\t\t\t\t<i aria-hidden=\"true\" class=\"fas fa-check-circle\"><\/i>\t\t\t\t\t\t<\/span>\n\t\t\t\t\t\t\t\t\t\t<span class=\"elementor-icon-list-text\">B\u00fdt dr\u017eitelem CPL(A)<\/span>\n\t\t\t\t\t\t\t\t\t<\/li>\n\t\t\t\t\t\t\t\t<li class=\"elementor-icon-list-item\">\n\t\t\t\t\t\t\t\t\t\t\t<span class=\"elementor-icon-list-icon\">\n\t\t\t\t\t\t\t<i aria-hidden=\"true\" class=\"fas fa-check-circle\"><\/i>\t\t\t\t\t\t<\/span>\n\t\t\t\t\t\t\t\t\t\t<span class=\"elementor-icon-list-text\">Nebo b\u00fdt dr\u017eitele PPL(A): spl\u0148ovat po\u017eadavky na teoretick\u00e9 znalosti pro z\u00edsk\u00e1n\u00ed pr\u016fkazu CPL(A)<\/span>\n\t\t\t\t\t\t\t\t\t<\/li>\n\t\t\t\t\t\t\t\t<li class=\"elementor-icon-list-item\">\n\t\t\t\t\t\t\t\t\t\t\t<span class=\"elementor-icon-list-icon\">\n\t\t\t\t\t\t\t<i aria-hidden=\"true\" class=\"fas fa-check-circle\"><\/i>\t\t\t\t\t\t<\/span>\n\t\t\t\t\t\t\t\t\t\t<span class=\"elementor-icon-list-text\">Nebo b\u00fdt dr\u017eitele PPL(A): absolvovat dobu letu odpov\u00eddaj\u00edc\u00ed alespo\u0148 200 hodin v letounech nebo TMG, z n\u00ed\u017e 150 hodin absolvuje ve funkci velitele letadla<\/span>\n\t\t\t\t\t\t\t\t\t<\/li>\n\t\t\t\t\t\t\t\t<li class=\"elementor-icon-list-item\">\n\t\t\t\t\t\t\t\t\t\t\t<span class=\"elementor-icon-list-icon\">\n\t\t\t\t\t\t\t<i aria-hidden=\"true\" class=\"fas fa-check-circle\"><\/i>\t\t\t\t\t\t<\/span>\n\t\t\t\t\t\t\t\t\t\t<span class=\"elementor-icon-list-text\">Spln\u011bn\u00ed p\u0159edvstupn\u00ed letov\u00e9 zkou\u0161ky <\/span>\n\t\t\t\t\t\t\t\t\t<\/li>\n\t\t\t\t\t\t\t\t<li class=\"elementor-icon-list-item\">\n\t\t\t\t\t\t\t\t\t\t\t<span class=\"elementor-icon-list-icon\">\n\t\t\t\t\t\t\t<i aria-hidden=\"true\" class=\"fas fa-check-circle\"><\/i>\t\t\t\t\t\t<\/span>\n\t\t\t\t\t\t\t\t\t\t<span class=\"elementor-icon-list-text\">Nal\u00e9tat alespo\u0148 30 hodin v jednomotorov\u00fdch p\u00edstov\u00fdch letounech, z nich\u017e alespo\u0148 5 hodin mus\u00ed b\u00fdt uskute\u010dn\u011bno b\u011bhem posledn\u00edch \u0161esti m\u011bs\u00edc\u016f p\u0159ed p\u0159edvstupn\u00ed letovou zkou\u0161kou<\/span>\n\t\t\t\t\t\t\t\t\t<\/li>\n\t\t\t\t\t\t\t\t<li class=\"elementor-icon-list-item\">\n\t\t\t\t\t\t\t\t\t\t\t<span class=\"elementor-icon-list-icon\">\n\t\t\t\t\t\t\t<i aria-hidden=\"true\" class=\"fas fa-check-circle\"><\/i>\t\t\t\t\t\t<\/span>\n\t\t\t\t\t\t\t\t\t\t<span class=\"elementor-icon-list-text\">Absolvovat jeden samostatn\u00fd naviga\u010dn\u00ed let podle VFR ve funkci velitele letadla v d\u00e9lce alespo\u0148 540 km (300 NM), b\u011bhem kter\u00e9ho je provedeno p\u0159ist\u00e1n\u00ed s \u00fapln\u00fdm zastaven\u00edm na dvou r\u016fzn\u00fdch leti\u0161t\u00edch<\/span>\n\t\t\t\t\t\t\t\t\t<\/li>\n\t\t\t\t\t\t<\/ul>\n\t\t\t\t<\/div>\n\t\t\t\t<\/div>\n\t\t\t\t<div class=\"elementor-element elementor-element-e53d00d elementor-widget elementor-widget-heading\" data-id=\"e53d00d\" data-element_type=\"widget\" data-widget_type=\"heading.default\">\n\t\t\t\t<div class=\"elementor-widget-container\">\n\t\t\t<h2 class=\"elementor-heading-title elementor-size-default\">Teoretick\u00e1 \u010d\u00e1st<\/h2>\t\t<\/div>\n\t\t\t\t<\/div>\n\t\t\t\t<div class=\"elementor-element elementor-element-554acf9 elementor-widget elementor-widget-text-editor\" data-id=\"554acf9\" data-element_type=\"widget\" data-widget_type=\"text-editor.default\">\n\t\t\t\t<div class=\"elementor-widget-container\">\n\t\t\t\t\t\t\t<p>Teorie se skl\u00e1d\u00e1 ze 125 hodin z\u00a0toho 25 hodin je formou pedagogick\u00e9 \u010dinnosti, co\u017e zahrnuje v\u00fduku \u017e\u00e1ku PPL(A), zbyl\u00fdch 100 hodin je v\u00a0osvojen\u00ed pedagogick\u00e9 znalosti a v\u00fduky p\u0159edm\u011bt\u016f leteck\u00e9 teorie.<\/p>\t\t\t\t\t\t<\/div>\n\t\t\t\t<\/div>\n\t\t\t\t<div class=\"elementor-element elementor-element-162614b elementor-widget elementor-widget-heading\" data-id=\"162614b\" data-element_type=\"widget\" data-widget_type=\"heading.default\">\n\t\t\t\t<div class=\"elementor-widget-container\">\n\t\t\t<h2 class=\"elementor-heading-title elementor-size-default\">Praktick\u00e1 \u010d\u00e1st<\/h2>\t\t<\/div>\n\t\t\t\t<\/div>\n\t\t\t\t<div class=\"elementor-element elementor-element-b7beb72 elementor-widget elementor-widget-text-editor\" data-id=\"b7beb72\" data-element_type=\"widget\" data-widget_type=\"text-editor.default\">\n\t\t\t\t<div class=\"elementor-widget-container\">\n\t\t\t\t\t\t\t<p>Praktick\u00fd v\u00fdcvik je slo\u017een z\u00a030 letov\u00fdch hodin, z\u00a0toho 1 hodina je v\u011bnov\u00e1na n\u00e1cviku v\u00fdvrtek a jejich vyb\u00edr\u00e1n\u00ed, \u017e\u00e1k proch\u00e1z\u00ed jednotliv\u00e9 \u00falohy PPL(A) aby byl schopen vyu\u010dovat techniku pilot\u00e1\u017ee a v\u00fduku p\u0159i jednotliv\u00fdch \u00faloh\u00e1ch.<\/p>\t\t\t\t\t\t<\/div>\n\t\t\t\t<\/div>\n\t\t\t\t\t<\/div>\n\t\t<\/div>\n\t\t\t\t\t<\/div>\n\t\t<\/section>\n\t\t\t\t<\/div>\n\t\t","protected":false},"excerpt":{"rendered":"<p>Letouny FI(A) Leteck\u00fd v\u00fdcvik FI(A) C\u00edlem kurzu je, aby \u017e\u00e1k (budouc\u00ed instruktor) byl schopen poskytovat v\u00fdcvik a\u017e do \u00farovn\u011b PPL(A), kurz p\u0159edev\u0161\u00edm rozv\u00edj\u00ed zvl\u00e1\u0161tn\u00ed dovednosti instruktora. Budouc\u00ed instruktor by m\u011bl b\u00fdt schopen p\u0159ed\u00e1vat sv\u00e9 znalosti a zku\u0161enosti \u017e\u00e1k\u016fm a budouc\u00edm pilot\u016fm. Vstupn\u00ed po\u017eadavky Absolvovat alespo\u0148 10 hodin letov\u00e9ho v\u00fdcviku podle p\u0159\u00edstroj\u016f Absolvovat minim\u00e1ln\u011b 20 hodin [&hellip;]<\/p>\n","protected":false},"author":1,"featured_media":0,"parent":0,"menu_order":0,"comment_status":"closed","ping_status":"closed","template":"elementor_header_footer","meta":{"footnotes":""},"yoast_head":"<!-- This site is optimized with the Yoast SEO plugin v22.8 - https:\/\/yoast.com\/wordpress\/plugins\/seo\/ -->\n<title>FI(A) - Pondus Air PL<\/title>\n<meta name=\"robots\" content=\"index, follow, max-snippet:-1, max-image-preview:large, max-video-preview:-1\" \/>\n<link rel=\"canonical\" href=\"https:\/\/pondusair.cz\/pl\/fia\/\" \/>\n<meta property=\"og:locale\" content=\"cs_CZ\" \/>\n<meta property=\"og:type\" content=\"article\" \/>\n<meta property=\"og:title\" content=\"FI(A) - Pondus Air PL\" \/>\n<meta property=\"og:description\" content=\"Letouny FI(A) Leteck\u00fd v\u00fdcvik FI(A) C\u00edlem kurzu je, aby \u017e\u00e1k (budouc\u00ed instruktor) byl schopen poskytovat v\u00fdcvik a\u017e do \u00farovn\u011b PPL(A), kurz p\u0159edev\u0161\u00edm rozv\u00edj\u00ed zvl\u00e1\u0161tn\u00ed dovednosti instruktora. Budouc\u00ed instruktor by m\u011bl b\u00fdt schopen p\u0159ed\u00e1vat sv\u00e9 znalosti a zku\u0161enosti \u017e\u00e1k\u016fm a budouc\u00edm pilot\u016fm. Vstupn\u00ed po\u017eadavky Absolvovat alespo\u0148 10 hodin letov\u00e9ho v\u00fdcviku podle p\u0159\u00edstroj\u016f Absolvovat minim\u00e1ln\u011b 20 hodin [&hellip;]\" \/>\n<meta property=\"og:url\" content=\"https:\/\/pondusair.cz\/pl\/fia\/\" \/>\n<meta property=\"og:site_name\" content=\"Pondus Air PL\" \/>\n<meta property=\"article:publisher\" content=\"https:\/\/www.facebook.com\/pondusair\" \/>\n<meta property=\"article:modified_time\" content=\"2023-06-08T09:59:54+00:00\" \/>\n<meta property=\"og:image\" content=\"https:\/\/pondusair.cz\/pl\/wp-content\/uploads\/2023\/07\/Pondus-Air-Letecka-spolecnost-a-skola-pilotu.-Naucte-se-letat.jpg\" \/>\n\t<meta property=\"og:image:width\" content=\"1984\" \/>\n\t<meta property=\"og:image:height\" content=\"1116\" \/>\n\t<meta property=\"og:image:type\" content=\"image\/jpeg\" \/>\n<meta name=\"twitter:card\" content=\"summary_large_image\" \/>\n<meta name=\"twitter:label1\" content=\"Odhadovan\u00e1 doba \u010dten\u00ed\" \/>\n\t<meta name=\"twitter:data1\" content=\"2 minuty\" \/>\n<script type=\"application\/ld+json\" class=\"yoast-schema-graph\">{\"@context\":\"https:\/\/schema.org\",\"@graph\":[{\"@type\":\"WebPage\",\"@id\":\"https:\/\/pondusair.cz\/pl\/fia\/\",\"url\":\"https:\/\/pondusair.cz\/pl\/fia\/\",\"name\":\"FI(A) - Pondus Air PL\",\"isPartOf\":{\"@id\":\"https:\/\/pondusair.cz\/pl\/#website\"},\"datePublished\":\"2023-05-11T17:12:06+00:00\",\"dateModified\":\"2023-06-08T09:59:54+00:00\",\"breadcrumb\":{\"@id\":\"https:\/\/pondusair.cz\/pl\/fia\/#breadcrumb\"},\"inLanguage\":\"cs\",\"potentialAction\":[{\"@type\":\"ReadAction\",\"target\":[\"https:\/\/pondusair.cz\/pl\/fia\/\"]}]},{\"@type\":\"BreadcrumbList\",\"@id\":\"https:\/\/pondusair.cz\/pl\/fia\/#breadcrumb\",\"itemListElement\":[{\"@type\":\"ListItem\",\"position\":1,\"name\":\"Dom\u016f\",\"item\":\"https:\/\/pondusair.cz\/pl\/\"},{\"@type\":\"ListItem\",\"position\":2,\"name\":\"FI(A)\"}]},{\"@type\":\"WebSite\",\"@id\":\"https:\/\/pondusair.cz\/pl\/#website\",\"url\":\"https:\/\/pondusair.cz\/pl\/\",\"name\":\"Pondus Air PL\",\"description\":\"Leteck\u00e1 spole\u010dnost a \u0161kola pilot\u016f. Nau\u010dte se l\u00e9tat!\",\"publisher\":{\"@id\":\"https:\/\/pondusair.cz\/pl\/#organization\"},\"potentialAction\":[{\"@type\":\"SearchAction\",\"target\":{\"@type\":\"EntryPoint\",\"urlTemplate\":\"https:\/\/pondusair.cz\/pl\/?s={search_term_string}\"},\"query-input\":\"required name=search_term_string\"}],\"inLanguage\":\"cs\"},{\"@type\":\"Organization\",\"@id\":\"https:\/\/pondusair.cz\/pl\/#organization\",\"name\":\"Pondus Air s.r.o.\",\"url\":\"https:\/\/pondusair.cz\/pl\/\",\"logo\":{\"@type\":\"ImageObject\",\"inLanguage\":\"cs\",\"@id\":\"https:\/\/pondusair.cz\/pl\/#\/schema\/logo\/image\/\",\"url\":\"https:\/\/pondusair.cz\/pl\/wp-content\/uploads\/2023\/05\/Pondus-Air-Logo_Kreslici-platno-1.png\",\"contentUrl\":\"https:\/\/pondusair.cz\/pl\/wp-content\/uploads\/2023\/05\/Pondus-Air-Logo_Kreslici-platno-1.png\",\"width\":452,\"height\":115,\"caption\":\"Pondus Air s.r.o.\"},\"image\":{\"@id\":\"https:\/\/pondusair.cz\/pl\/#\/schema\/logo\/image\/\"},\"sameAs\":[\"https:\/\/www.facebook.com\/pondusair\"]}]}<\/script>\n<!-- \/ Yoast SEO plugin. -->","yoast_head_json":{"title":"FI(A) - Pondus Air PL","robots":{"index":"index","follow":"follow","max-snippet":"max-snippet:-1","max-image-preview":"max-image-preview:large","max-video-preview":"max-video-preview:-1"},"canonical":"https:\/\/pondusair.cz\/pl\/fia\/","og_locale":"cs_CZ","og_type":"article","og_title":"FI(A) - Pondus Air PL","og_description":"Letouny FI(A) Leteck\u00fd v\u00fdcvik FI(A) C\u00edlem kurzu je, aby \u017e\u00e1k (budouc\u00ed instruktor) byl schopen poskytovat v\u00fdcvik a\u017e do \u00farovn\u011b PPL(A), kurz p\u0159edev\u0161\u00edm rozv\u00edj\u00ed zvl\u00e1\u0161tn\u00ed dovednosti instruktora. Budouc\u00ed instruktor by m\u011bl b\u00fdt schopen p\u0159ed\u00e1vat sv\u00e9 znalosti a zku\u0161enosti \u017e\u00e1k\u016fm a budouc\u00edm pilot\u016fm. Vstupn\u00ed po\u017eadavky Absolvovat alespo\u0148 10 hodin letov\u00e9ho v\u00fdcviku podle p\u0159\u00edstroj\u016f Absolvovat minim\u00e1ln\u011b 20 hodin [&hellip;]","og_url":"https:\/\/pondusair.cz\/pl\/fia\/","og_site_name":"Pondus Air PL","article_publisher":"https:\/\/www.facebook.com\/pondusair","article_modified_time":"2023-06-08T09:59:54+00:00","og_image":[{"width":1984,"height":1116,"url":"https:\/\/pondusair.cz\/pl\/wp-content\/uploads\/2023\/07\/Pondus-Air-Letecka-spolecnost-a-skola-pilotu.-Naucte-se-letat.jpg","type":"image\/jpeg"}],"twitter_card":"summary_large_image","twitter_misc":{"Odhadovan\u00e1 doba \u010dten\u00ed":"2 minuty"},"schema":{"@context":"https:\/\/schema.org","@graph":[{"@type":"WebPage","@id":"https:\/\/pondusair.cz\/pl\/fia\/","url":"https:\/\/pondusair.cz\/pl\/fia\/","name":"FI(A) - Pondus Air PL","isPartOf":{"@id":"https:\/\/pondusair.cz\/pl\/#website"},"datePublished":"2023-05-11T17:12:06+00:00","dateModified":"2023-06-08T09:59:54+00:00","breadcrumb":{"@id":"https:\/\/pondusair.cz\/pl\/fia\/#breadcrumb"},"inLanguage":"cs","potentialAction":[{"@type":"ReadAction","target":["https:\/\/pondusair.cz\/pl\/fia\/"]}]},{"@type":"BreadcrumbList","@id":"https:\/\/pondusair.cz\/pl\/fia\/#breadcrumb","itemListElement":[{"@type":"ListItem","position":1,"name":"Dom\u016f","item":"https:\/\/pondusair.cz\/pl\/"},{"@type":"ListItem","position":2,"name":"FI(A)"}]},{"@type":"WebSite","@id":"https:\/\/pondusair.cz\/pl\/#website","url":"https:\/\/pondusair.cz\/pl\/","name":"Pondus Air PL","description":"Leteck\u00e1 spole\u010dnost a \u0161kola pilot\u016f. Nau\u010dte se l\u00e9tat!","publisher":{"@id":"https:\/\/pondusair.cz\/pl\/#organization"},"potentialAction":[{"@type":"SearchAction","target":{"@type":"EntryPoint","urlTemplate":"https:\/\/pondusair.cz\/pl\/?s={search_term_string}"},"query-input":"required name=search_term_string"}],"inLanguage":"cs"},{"@type":"Organization","@id":"https:\/\/pondusair.cz\/pl\/#organization","name":"Pondus Air s.r.o.","url":"https:\/\/pondusair.cz\/pl\/","logo":{"@type":"ImageObject","inLanguage":"cs","@id":"https:\/\/pondusair.cz\/pl\/#\/schema\/logo\/image\/","url":"https:\/\/pondusair.cz\/pl\/wp-content\/uploads\/2023\/05\/Pondus-Air-Logo_Kreslici-platno-1.png","contentUrl":"https:\/\/pondusair.cz\/pl\/wp-content\/uploads\/2023\/05\/Pondus-Air-Logo_Kreslici-platno-1.png","width":452,"height":115,"caption":"Pondus Air s.r.o."},"image":{"@id":"https:\/\/pondusair.cz\/pl\/#\/schema\/logo\/image\/"},"sameAs":["https:\/\/www.facebook.com\/pondusair"]}]}},"_links":{"self":[{"href":"https:\/\/pondusair.cz\/pl\/wp-json\/wp\/v2\/pages\/497"}],"collection":[{"href":"https:\/\/pondusair.cz\/pl\/wp-json\/wp\/v2\/pages"}],"about":[{"href":"https:\/\/pondusair.cz\/pl\/wp-json\/wp\/v2\/types\/page"}],"author":[{"embeddable":true,"href":"https:\/\/pondusair.cz\/pl\/wp-json\/wp\/v2\/users\/1"}],"replies":[{"embeddable":true,"href":"https:\/\/pondusair.cz\/pl\/wp-json\/wp\/v2\/comments?post=497"}],"version-history":[{"count":10,"href":"https:\/\/pondusair.cz\/pl\/wp-json\/wp\/v2\/pages\/497\/revisions"}],"predecessor-version":[{"id":1395,"href":"https:\/\/pondusair.cz\/pl\/wp-json\/wp\/v2\/pages\/497\/revisions\/1395"}],"wp:attachment":[{"href":"https:\/\/pondusair.cz\/pl\/wp-json\/wp\/v2\/media?parent=497"}],"curies":[{"name":"wp","href":"https:\/\/api.w.org\/{rel}","templated":true}]}}