{"id":482,"date":"2023-05-11T19:05:15","date_gmt":"2023-05-11T17:05:15","guid":{"rendered":"https:\/\/pondusair.cz\/pl\/?page_id=482"},"modified":"2023-06-08T12:02:55","modified_gmt":"2023-06-08T10:02:55","slug":"mep","status":"publish","type":"page","link":"https:\/\/pondusair.cz\/pl\/mep\/","title":{"rendered":"MEP"},"content":{"rendered":"\t\t<div data-elementor-type=\"wp-page\" data-elementor-id=\"482\" class=\"elementor elementor-482\" data-elementor-post-type=\"page\">\n\t\t\t\t\t\t<section class=\"elementor-section elementor-top-section elementor-element elementor-element-e0907c9 elementor-section-height-min-height elementor-section-boxed elementor-section-height-default elementor-section-items-middle\" data-id=\"e0907c9\" data-element_type=\"section\" data-settings=\"{&quot;background_background&quot;:&quot;classic&quot;,&quot;shape_divider_bottom_negative&quot;:&quot;yes&quot;,&quot;shape_divider_bottom&quot;:&quot;triangle&quot;}\">\n\t\t\t\t\t\t\t<div class=\"elementor-background-overlay\"><\/div>\n\t\t\t\t\t\t<div class=\"elementor-shape elementor-shape-bottom\" data-negative=\"true\">\n\t\t\t<svg xmlns=\"http:\/\/www.w3.org\/2000\/svg\" viewBox=\"0 0 1000 100\" preserveAspectRatio=\"none\">\n\t<path class=\"elementor-shape-fill\" d=\"M500.2,94.7L0,0v100h1000V0L500.2,94.7z\"\/>\n<\/svg>\t\t<\/div>\n\t\t\t\t\t<div class=\"elementor-container elementor-column-gap-no\">\n\t\t\t\t\t<div class=\"elementor-column elementor-col-100 elementor-top-column elementor-element elementor-element-b1e7ecf elementor-invisible\" data-id=\"b1e7ecf\" data-element_type=\"column\" data-settings=\"{&quot;animation&quot;:&quot;fadeInLeft&quot;,&quot;animation_tablet&quot;:&quot;none&quot;}\">\n\t\t\t<div class=\"elementor-widget-wrap elementor-element-populated\">\n\t\t\t\t\t\t<div class=\"elementor-element elementor-element-72bc581 elementor-widget elementor-widget-text-editor\" data-id=\"72bc581\" data-element_type=\"widget\" data-widget_type=\"text-editor.default\">\n\t\t\t\t<div class=\"elementor-widget-container\">\n\t\t\t<style>\/*! elementor - v3.21.0 - 26-05-2024 *\/\n.elementor-widget-text-editor.elementor-drop-cap-view-stacked .elementor-drop-cap{background-color:#69727d;color:#fff}.elementor-widget-text-editor.elementor-drop-cap-view-framed .elementor-drop-cap{color:#69727d;border:3px solid;background-color:transparent}.elementor-widget-text-editor:not(.elementor-drop-cap-view-default) .elementor-drop-cap{margin-top:8px}.elementor-widget-text-editor:not(.elementor-drop-cap-view-default) .elementor-drop-cap-letter{width:1em;height:1em}.elementor-widget-text-editor .elementor-drop-cap{float:left;text-align:center;line-height:1;font-size:50px}.elementor-widget-text-editor .elementor-drop-cap-letter{display:inline-block}<\/style>\t\t\t\t<p>Letouny<\/p>\t\t\t\t\t\t<\/div>\n\t\t\t\t<\/div>\n\t\t\t\t<div class=\"elementor-element elementor-element-08fb782 elementor-widget elementor-widget-text-editor\" data-id=\"08fb782\" data-element_type=\"widget\" data-widget_type=\"text-editor.default\">\n\t\t\t\t<div class=\"elementor-widget-container\">\n\t\t\t\t\t\t\t<p><strong>MEP <\/strong><\/p>\t\t\t\t\t\t<\/div>\n\t\t\t\t<\/div>\n\t\t\t\t\t<\/div>\n\t\t<\/div>\n\t\t\t\t\t<\/div>\n\t\t<\/section>\n\t\t\t\t<section class=\"elementor-section elementor-top-section elementor-element elementor-element-7ee5220 elementor-reverse-tablet elementor-reverse-mobile elementor-section-boxed elementor-section-height-default elementor-section-height-default\" data-id=\"7ee5220\" data-element_type=\"section\">\n\t\t\t\t\t\t<div class=\"elementor-container elementor-column-gap-no\">\n\t\t\t\t\t<div class=\"elementor-column elementor-col-50 elementor-top-column elementor-element elementor-element-97a8b68\" data-id=\"97a8b68\" data-element_type=\"column\" data-settings=\"{&quot;background_background&quot;:&quot;classic&quot;}\">\n\t\t\t<div class=\"elementor-widget-wrap elementor-element-populated\">\n\t\t\t\t\t\t<section class=\"elementor-section elementor-inner-section elementor-element elementor-element-ad6d6d6 elementor-section-boxed elementor-section-height-default elementor-section-height-default\" data-id=\"ad6d6d6\" data-element_type=\"section\" data-settings=\"{&quot;background_background&quot;:&quot;classic&quot;}\">\n\t\t\t\t\t\t<div class=\"elementor-container elementor-column-gap-default\">\n\t\t\t\t\t<div class=\"elementor-column elementor-col-100 elementor-inner-column elementor-element elementor-element-3fdad65\" data-id=\"3fdad65\" data-element_type=\"column\">\n\t\t\t<div class=\"elementor-widget-wrap elementor-element-populated\">\n\t\t\t\t\t\t<div class=\"elementor-element elementor-element-0972831 elementor-widget elementor-widget-spacer\" data-id=\"0972831\" data-element_type=\"widget\" data-widget_type=\"spacer.default\">\n\t\t\t\t<div class=\"elementor-widget-container\">\n\t\t\t<style>\/*! elementor - v3.21.0 - 26-05-2024 *\/\n.elementor-column .elementor-spacer-inner{height:var(--spacer-size)}.e-con{--container-widget-width:100%}.e-con-inner>.elementor-widget-spacer,.e-con>.elementor-widget-spacer{width:var(--container-widget-width,var(--spacer-size));--align-self:var(--container-widget-align-self,initial);--flex-shrink:0}.e-con-inner>.elementor-widget-spacer>.elementor-widget-container,.e-con>.elementor-widget-spacer>.elementor-widget-container{height:100%;width:100%}.e-con-inner>.elementor-widget-spacer>.elementor-widget-container>.elementor-spacer,.e-con>.elementor-widget-spacer>.elementor-widget-container>.elementor-spacer{height:100%}.e-con-inner>.elementor-widget-spacer>.elementor-widget-container>.elementor-spacer>.elementor-spacer-inner,.e-con>.elementor-widget-spacer>.elementor-widget-container>.elementor-spacer>.elementor-spacer-inner{height:var(--container-widget-height,var(--spacer-size))}.e-con-inner>.elementor-widget-spacer.elementor-widget-empty,.e-con>.elementor-widget-spacer.elementor-widget-empty{position:relative;min-height:22px;min-width:22px}.e-con-inner>.elementor-widget-spacer.elementor-widget-empty .elementor-widget-empty-icon,.e-con>.elementor-widget-spacer.elementor-widget-empty .elementor-widget-empty-icon{position:absolute;top:0;bottom:0;left:0;right:0;margin:auto;padding:0;width:22px;height:22px}<\/style>\t\t<div class=\"elementor-spacer\">\n\t\t\t<div class=\"elementor-spacer-inner\"><\/div>\n\t\t<\/div>\n\t\t\t\t<\/div>\n\t\t\t\t<\/div>\n\t\t\t\t\t<\/div>\n\t\t<\/div>\n\t\t\t\t\t<\/div>\n\t\t<\/section>\n\t\t\t\t<div class=\"elementor-element elementor-element-231c98e elementor-widget__width-initial elementor-view-default elementor-widget elementor-widget-icon\" data-id=\"231c98e\" data-element_type=\"widget\" data-widget_type=\"icon.default\">\n\t\t\t\t<div class=\"elementor-widget-container\">\n\t\t\t\t\t<div class=\"elementor-icon-wrapper\">\n\t\t\t<div class=\"elementor-icon\">\n\t\t\t<i aria-hidden=\"true\" class=\"fas fa-plane\"><\/i>\t\t\t<\/div>\n\t\t<\/div>\n\t\t\t\t<\/div>\n\t\t\t\t<\/div>\n\t\t\t\t\t<\/div>\n\t\t<\/div>\n\t\t\t\t<div class=\"elementor-column elementor-col-50 elementor-top-column elementor-element elementor-element-7e1ad9e\" data-id=\"7e1ad9e\" data-element_type=\"column\">\n\t\t\t<div class=\"elementor-widget-wrap elementor-element-populated\">\n\t\t\t\t\t\t<div class=\"elementor-element elementor-element-f3f435b elementor-widget elementor-widget-heading\" data-id=\"f3f435b\" data-element_type=\"widget\" data-widget_type=\"heading.default\">\n\t\t\t\t<div class=\"elementor-widget-container\">\n\t\t\t<style>\/*! elementor - v3.21.0 - 26-05-2024 *\/\n.elementor-heading-title{padding:0;margin:0;line-height:1}.elementor-widget-heading .elementor-heading-title[class*=elementor-size-]>a{color:inherit;font-size:inherit;line-height:inherit}.elementor-widget-heading .elementor-heading-title.elementor-size-small{font-size:15px}.elementor-widget-heading .elementor-heading-title.elementor-size-medium{font-size:19px}.elementor-widget-heading .elementor-heading-title.elementor-size-large{font-size:29px}.elementor-widget-heading .elementor-heading-title.elementor-size-xl{font-size:39px}.elementor-widget-heading .elementor-heading-title.elementor-size-xxl{font-size:59px}<\/style><h2 class=\"elementor-heading-title elementor-size-default\">Leteck\u00fd v\u00fdcvik<\/h2>\t\t<\/div>\n\t\t\t\t<\/div>\n\t\t\t\t<div class=\"elementor-element elementor-element-582ac7f elementor-widget elementor-widget-heading\" data-id=\"582ac7f\" data-element_type=\"widget\" data-widget_type=\"heading.default\">\n\t\t\t\t<div class=\"elementor-widget-container\">\n\t\t\t<h2 class=\"elementor-heading-title elementor-size-default\">MEP <\/h2>\t\t<\/div>\n\t\t\t\t<\/div>\n\t\t\t\t<div class=\"elementor-element elementor-element-c7b8a18 elementor-widget elementor-widget-text-editor\" data-id=\"c7b8a18\" data-element_type=\"widget\" data-widget_type=\"text-editor.default\">\n\t\t\t\t<div class=\"elementor-widget-container\">\n\t\t\t\t\t\t\t<p>V\u00fdcvik MEP je kvalifikace umo\u017e\u0148uj\u00edc\u00ed pilotovat dvoumotorov\u00e9 letouny. Kvalifikace je d\u016fle\u017eit\u00e1 pro piloty, kte\u0159\u00ed m\u00ed\u0159\u00ed ke kari\u00e9\u0159e profesion\u00e1la, ale m\u016f\u017ee zaujmout tak\u00e9 piloty, kte\u0159\u00ed l\u00e9taj\u00ed pouze pro vlastn\u00ed \u00fa\u010dely<\/p>\t\t\t\t\t\t<\/div>\n\t\t\t\t<\/div>\n\t\t\t\t<div class=\"elementor-element elementor-element-37608c2 elementor-widget elementor-widget-heading\" data-id=\"37608c2\" data-element_type=\"widget\" data-widget_type=\"heading.default\">\n\t\t\t\t<div class=\"elementor-widget-container\">\n\t\t\t<h2 class=\"elementor-heading-title elementor-size-default\">Vstupn\u00ed po\u017eadavky<\/h2>\t\t<\/div>\n\t\t\t\t<\/div>\n\t\t\t\t<div class=\"elementor-element elementor-element-53f8676 elementor-mobile-align-left elementor-icon-list--layout-traditional elementor-list-item-link-full_width elementor-widget elementor-widget-icon-list\" data-id=\"53f8676\" data-element_type=\"widget\" data-widget_type=\"icon-list.default\">\n\t\t\t\t<div class=\"elementor-widget-container\">\n\t\t\t<link rel=\"stylesheet\" href=\"https:\/\/pondusair.cz\/pl\/wp-content\/plugins\/elementor\/assets\/css\/widget-icon-list.min.css\">\t\t<ul class=\"elementor-icon-list-items\">\n\t\t\t\t\t\t\t<li class=\"elementor-icon-list-item\">\n\t\t\t\t\t\t\t\t\t\t\t<span class=\"elementor-icon-list-icon\">\n\t\t\t\t\t\t\t<i aria-hidden=\"true\" class=\"fas fa-check-circle\"><\/i>\t\t\t\t\t\t<\/span>\n\t\t\t\t\t\t\t\t\t\t<span class=\"elementor-icon-list-text\">Platn\u00e1 licence PPL(A)<\/span>\n\t\t\t\t\t\t\t\t\t<\/li>\n\t\t\t\t\t\t\t\t<li class=\"elementor-icon-list-item\">\n\t\t\t\t\t\t\t\t\t\t\t<span class=\"elementor-icon-list-icon\">\n\t\t\t\t\t\t\t<i aria-hidden=\"true\" class=\"fas fa-check-circle\"><\/i>\t\t\t\t\t\t<\/span>\n\t\t\t\t\t\t\t\t\t\t<span class=\"elementor-icon-list-text\">N\u00e1let minim\u00e1ln\u011b 70 hodin jako velitel letadla<\/span>\n\t\t\t\t\t\t\t\t\t<\/li>\n\t\t\t\t\t\t\t\t<li class=\"elementor-icon-list-item\">\n\t\t\t\t\t\t\t\t\t\t\t<span class=\"elementor-icon-list-icon\">\n\t\t\t\t\t\t\t<i aria-hidden=\"true\" class=\"fas fa-check-circle\"><\/i>\t\t\t\t\t\t<\/span>\n\t\t\t\t\t\t\t\t\t\t<span class=\"elementor-icon-list-text\">Zdravotn\u00ed zp\u016fsobilost min. 2 t\u0159\u00eddy<\/span>\n\t\t\t\t\t\t\t\t\t<\/li>\n\t\t\t\t\t\t<\/ul>\n\t\t\t\t<\/div>\n\t\t\t\t<\/div>\n\t\t\t\t<div class=\"elementor-element elementor-element-e53d00d elementor-widget elementor-widget-heading\" data-id=\"e53d00d\" data-element_type=\"widget\" data-widget_type=\"heading.default\">\n\t\t\t\t<div class=\"elementor-widget-container\">\n\t\t\t<h2 class=\"elementor-heading-title elementor-size-default\">Teoretick\u00e1 \u010d\u00e1st<\/h2>\t\t<\/div>\n\t\t\t\t<\/div>\n\t\t\t\t<div class=\"elementor-element elementor-element-554acf9 elementor-widget elementor-widget-text-editor\" data-id=\"554acf9\" data-element_type=\"widget\" data-widget_type=\"text-editor.default\">\n\t\t\t\t<div class=\"elementor-widget-container\">\n\t\t\t\t\t\t\t<p>Teoretick\u00e1 \u010d\u00e1st je slo\u017eena ze 7 hodin na u\u010debn\u011b, kde bude \u017e\u00e1k sezn\u00e1men se specifikacemi l\u00e9t\u00e1n\u00ed s\u00a0dvoumotorov\u00fdmi letouny, nap\u0159. nesoum\u011brn\u00fd tah pohonn\u00fdch jednotek apod.<\/p>\t\t\t\t\t\t<\/div>\n\t\t\t\t<\/div>\n\t\t\t\t<div class=\"elementor-element elementor-element-162614b elementor-widget elementor-widget-heading\" data-id=\"162614b\" data-element_type=\"widget\" data-widget_type=\"heading.default\">\n\t\t\t\t<div class=\"elementor-widget-container\">\n\t\t\t<h2 class=\"elementor-heading-title elementor-size-default\">Praktick\u00e1 \u010d\u00e1st<\/h2>\t\t<\/div>\n\t\t\t\t<\/div>\n\t\t\t\t<div class=\"elementor-element elementor-element-b7beb72 elementor-widget elementor-widget-text-editor\" data-id=\"b7beb72\" data-element_type=\"widget\" data-widget_type=\"text-editor.default\">\n\t\t\t\t<div class=\"elementor-widget-container\">\n\t\t\t\t\t\t\t<p>Praktick\u00fd v\u00fdcvik je slo\u017een z 6 letov\u00fdch hodin, prvn\u00ed je \u017e\u00e1k sezn\u00e1men s\u00a0technikou jednoduch\u00e9 pilot\u00e1\u017ee, pot\u00e9 p\u0159ech\u00e1z\u00ed na cvi\u010dn\u00e9 lety po okruhu, za kter\u00fdmi n\u00e1sleduje n\u00e1cvik letu na jeden motor v\u010detn\u011b cvi\u010dn\u00fdch let\u016f po okruhu k\u00a0n\u00e1cviku p\u0159ist\u00e1n\u00ed pouze na jeden motor.<\/p>\t\t\t\t\t\t<\/div>\n\t\t\t\t<\/div>\n\t\t\t\t\t<\/div>\n\t\t<\/div>\n\t\t\t\t\t<\/div>\n\t\t<\/section>\n\t\t\t\t<\/div>\n\t\t","protected":false},"excerpt":{"rendered":"<p>Letouny MEP Leteck\u00fd v\u00fdcvik MEP V\u00fdcvik MEP je kvalifikace umo\u017e\u0148uj\u00edc\u00ed pilotovat dvoumotorov\u00e9 letouny. Kvalifikace je d\u016fle\u017eit\u00e1 pro piloty, kte\u0159\u00ed m\u00ed\u0159\u00ed ke kari\u00e9\u0159e profesion\u00e1la, ale m\u016f\u017ee zaujmout tak\u00e9 piloty, kte\u0159\u00ed l\u00e9taj\u00ed pouze pro vlastn\u00ed \u00fa\u010dely Vstupn\u00ed po\u017eadavky Platn\u00e1 licence PPL(A) N\u00e1let minim\u00e1ln\u011b 70 hodin jako velitel letadla Zdravotn\u00ed zp\u016fsobilost min. 2 t\u0159\u00eddy Teoretick\u00e1 \u010d\u00e1st Teoretick\u00e1 \u010d\u00e1st [&hellip;]<\/p>\n","protected":false},"author":1,"featured_media":0,"parent":0,"menu_order":0,"comment_status":"closed","ping_status":"closed","template":"elementor_header_footer","meta":{"footnotes":""},"yoast_head":"<!-- This site is optimized with the Yoast SEO plugin v22.8 - https:\/\/yoast.com\/wordpress\/plugins\/seo\/ -->\n<title>MEP - Pondus Air PL<\/title>\n<meta name=\"robots\" content=\"index, follow, max-snippet:-1, max-image-preview:large, max-video-preview:-1\" \/>\n<link rel=\"canonical\" href=\"https:\/\/pondusair.cz\/pl\/mep\/\" \/>\n<meta property=\"og:locale\" content=\"cs_CZ\" \/>\n<meta property=\"og:type\" content=\"article\" \/>\n<meta property=\"og:title\" content=\"MEP - Pondus Air PL\" \/>\n<meta property=\"og:description\" content=\"Letouny MEP Leteck\u00fd v\u00fdcvik MEP V\u00fdcvik MEP je kvalifikace umo\u017e\u0148uj\u00edc\u00ed pilotovat dvoumotorov\u00e9 letouny. Kvalifikace je d\u016fle\u017eit\u00e1 pro piloty, kte\u0159\u00ed m\u00ed\u0159\u00ed ke kari\u00e9\u0159e profesion\u00e1la, ale m\u016f\u017ee zaujmout tak\u00e9 piloty, kte\u0159\u00ed l\u00e9taj\u00ed pouze pro vlastn\u00ed \u00fa\u010dely Vstupn\u00ed po\u017eadavky Platn\u00e1 licence PPL(A) N\u00e1let minim\u00e1ln\u011b 70 hodin jako velitel letadla Zdravotn\u00ed zp\u016fsobilost min. 2 t\u0159\u00eddy Teoretick\u00e1 \u010d\u00e1st Teoretick\u00e1 \u010d\u00e1st [&hellip;]\" \/>\n<meta property=\"og:url\" content=\"https:\/\/pondusair.cz\/pl\/mep\/\" \/>\n<meta property=\"og:site_name\" content=\"Pondus Air PL\" \/>\n<meta property=\"article:publisher\" content=\"https:\/\/www.facebook.com\/pondusair\" \/>\n<meta property=\"article:modified_time\" content=\"2023-06-08T10:02:55+00:00\" \/>\n<meta property=\"og:image\" content=\"https:\/\/pondusair.cz\/pl\/wp-content\/uploads\/2023\/07\/Pondus-Air-Letecka-spolecnost-a-skola-pilotu.-Naucte-se-letat.jpg\" \/>\n\t<meta property=\"og:image:width\" content=\"1984\" \/>\n\t<meta property=\"og:image:height\" content=\"1116\" \/>\n\t<meta property=\"og:image:type\" content=\"image\/jpeg\" \/>\n<meta name=\"twitter:card\" content=\"summary_large_image\" \/>\n<meta name=\"twitter:label1\" content=\"Odhadovan\u00e1 doba \u010dten\u00ed\" \/>\n\t<meta name=\"twitter:data1\" content=\"1 minuta\" \/>\n<script type=\"application\/ld+json\" class=\"yoast-schema-graph\">{\"@context\":\"https:\/\/schema.org\",\"@graph\":[{\"@type\":\"WebPage\",\"@id\":\"https:\/\/pondusair.cz\/pl\/mep\/\",\"url\":\"https:\/\/pondusair.cz\/pl\/mep\/\",\"name\":\"MEP - Pondus Air PL\",\"isPartOf\":{\"@id\":\"https:\/\/pondusair.cz\/pl\/#website\"},\"datePublished\":\"2023-05-11T17:05:15+00:00\",\"dateModified\":\"2023-06-08T10:02:55+00:00\",\"breadcrumb\":{\"@id\":\"https:\/\/pondusair.cz\/pl\/mep\/#breadcrumb\"},\"inLanguage\":\"cs\",\"potentialAction\":[{\"@type\":\"ReadAction\",\"target\":[\"https:\/\/pondusair.cz\/pl\/mep\/\"]}]},{\"@type\":\"BreadcrumbList\",\"@id\":\"https:\/\/pondusair.cz\/pl\/mep\/#breadcrumb\",\"itemListElement\":[{\"@type\":\"ListItem\",\"position\":1,\"name\":\"Dom\u016f\",\"item\":\"https:\/\/pondusair.cz\/pl\/\"},{\"@type\":\"ListItem\",\"position\":2,\"name\":\"MEP\"}]},{\"@type\":\"WebSite\",\"@id\":\"https:\/\/pondusair.cz\/pl\/#website\",\"url\":\"https:\/\/pondusair.cz\/pl\/\",\"name\":\"Pondus Air PL\",\"description\":\"Leteck\u00e1 spole\u010dnost a \u0161kola pilot\u016f. Nau\u010dte se l\u00e9tat!\",\"publisher\":{\"@id\":\"https:\/\/pondusair.cz\/pl\/#organization\"},\"potentialAction\":[{\"@type\":\"SearchAction\",\"target\":{\"@type\":\"EntryPoint\",\"urlTemplate\":\"https:\/\/pondusair.cz\/pl\/?s={search_term_string}\"},\"query-input\":\"required name=search_term_string\"}],\"inLanguage\":\"cs\"},{\"@type\":\"Organization\",\"@id\":\"https:\/\/pondusair.cz\/pl\/#organization\",\"name\":\"Pondus Air s.r.o.\",\"url\":\"https:\/\/pondusair.cz\/pl\/\",\"logo\":{\"@type\":\"ImageObject\",\"inLanguage\":\"cs\",\"@id\":\"https:\/\/pondusair.cz\/pl\/#\/schema\/logo\/image\/\",\"url\":\"https:\/\/pondusair.cz\/pl\/wp-content\/uploads\/2023\/05\/Pondus-Air-Logo_Kreslici-platno-1.png\",\"contentUrl\":\"https:\/\/pondusair.cz\/pl\/wp-content\/uploads\/2023\/05\/Pondus-Air-Logo_Kreslici-platno-1.png\",\"width\":452,\"height\":115,\"caption\":\"Pondus Air s.r.o.\"},\"image\":{\"@id\":\"https:\/\/pondusair.cz\/pl\/#\/schema\/logo\/image\/\"},\"sameAs\":[\"https:\/\/www.facebook.com\/pondusair\"]}]}<\/script>\n<!-- \/ Yoast SEO plugin. -->","yoast_head_json":{"title":"MEP - Pondus Air PL","robots":{"index":"index","follow":"follow","max-snippet":"max-snippet:-1","max-image-preview":"max-image-preview:large","max-video-preview":"max-video-preview:-1"},"canonical":"https:\/\/pondusair.cz\/pl\/mep\/","og_locale":"cs_CZ","og_type":"article","og_title":"MEP - Pondus Air PL","og_description":"Letouny MEP Leteck\u00fd v\u00fdcvik MEP V\u00fdcvik MEP je kvalifikace umo\u017e\u0148uj\u00edc\u00ed pilotovat dvoumotorov\u00e9 letouny. Kvalifikace je d\u016fle\u017eit\u00e1 pro piloty, kte\u0159\u00ed m\u00ed\u0159\u00ed ke kari\u00e9\u0159e profesion\u00e1la, ale m\u016f\u017ee zaujmout tak\u00e9 piloty, kte\u0159\u00ed l\u00e9taj\u00ed pouze pro vlastn\u00ed \u00fa\u010dely Vstupn\u00ed po\u017eadavky Platn\u00e1 licence PPL(A) N\u00e1let minim\u00e1ln\u011b 70 hodin jako velitel letadla Zdravotn\u00ed zp\u016fsobilost min. 2 t\u0159\u00eddy Teoretick\u00e1 \u010d\u00e1st Teoretick\u00e1 \u010d\u00e1st [&hellip;]","og_url":"https:\/\/pondusair.cz\/pl\/mep\/","og_site_name":"Pondus Air PL","article_publisher":"https:\/\/www.facebook.com\/pondusair","article_modified_time":"2023-06-08T10:02:55+00:00","og_image":[{"width":1984,"height":1116,"url":"https:\/\/pondusair.cz\/pl\/wp-content\/uploads\/2023\/07\/Pondus-Air-Letecka-spolecnost-a-skola-pilotu.-Naucte-se-letat.jpg","type":"image\/jpeg"}],"twitter_card":"summary_large_image","twitter_misc":{"Odhadovan\u00e1 doba \u010dten\u00ed":"1 minuta"},"schema":{"@context":"https:\/\/schema.org","@graph":[{"@type":"WebPage","@id":"https:\/\/pondusair.cz\/pl\/mep\/","url":"https:\/\/pondusair.cz\/pl\/mep\/","name":"MEP - Pondus Air PL","isPartOf":{"@id":"https:\/\/pondusair.cz\/pl\/#website"},"datePublished":"2023-05-11T17:05:15+00:00","dateModified":"2023-06-08T10:02:55+00:00","breadcrumb":{"@id":"https:\/\/pondusair.cz\/pl\/mep\/#breadcrumb"},"inLanguage":"cs","potentialAction":[{"@type":"ReadAction","target":["https:\/\/pondusair.cz\/pl\/mep\/"]}]},{"@type":"BreadcrumbList","@id":"https:\/\/pondusair.cz\/pl\/mep\/#breadcrumb","itemListElement":[{"@type":"ListItem","position":1,"name":"Dom\u016f","item":"https:\/\/pondusair.cz\/pl\/"},{"@type":"ListItem","position":2,"name":"MEP"}]},{"@type":"WebSite","@id":"https:\/\/pondusair.cz\/pl\/#website","url":"https:\/\/pondusair.cz\/pl\/","name":"Pondus Air PL","description":"Leteck\u00e1 spole\u010dnost a \u0161kola pilot\u016f. Nau\u010dte se l\u00e9tat!","publisher":{"@id":"https:\/\/pondusair.cz\/pl\/#organization"},"potentialAction":[{"@type":"SearchAction","target":{"@type":"EntryPoint","urlTemplate":"https:\/\/pondusair.cz\/pl\/?s={search_term_string}"},"query-input":"required name=search_term_string"}],"inLanguage":"cs"},{"@type":"Organization","@id":"https:\/\/pondusair.cz\/pl\/#organization","name":"Pondus Air s.r.o.","url":"https:\/\/pondusair.cz\/pl\/","logo":{"@type":"ImageObject","inLanguage":"cs","@id":"https:\/\/pondusair.cz\/pl\/#\/schema\/logo\/image\/","url":"https:\/\/pondusair.cz\/pl\/wp-content\/uploads\/2023\/05\/Pondus-Air-Logo_Kreslici-platno-1.png","contentUrl":"https:\/\/pondusair.cz\/pl\/wp-content\/uploads\/2023\/05\/Pondus-Air-Logo_Kreslici-platno-1.png","width":452,"height":115,"caption":"Pondus Air s.r.o."},"image":{"@id":"https:\/\/pondusair.cz\/pl\/#\/schema\/logo\/image\/"},"sameAs":["https:\/\/www.facebook.com\/pondusair"]}]}},"_links":{"self":[{"href":"https:\/\/pondusair.cz\/pl\/wp-json\/wp\/v2\/pages\/482"}],"collection":[{"href":"https:\/\/pondusair.cz\/pl\/wp-json\/wp\/v2\/pages"}],"about":[{"href":"https:\/\/pondusair.cz\/pl\/wp-json\/wp\/v2\/types\/page"}],"author":[{"embeddable":true,"href":"https:\/\/pondusair.cz\/pl\/wp-json\/wp\/v2\/users\/1"}],"replies":[{"embeddable":true,"href":"https:\/\/pondusair.cz\/pl\/wp-json\/wp\/v2\/comments?post=482"}],"version-history":[{"count":10,"href":"https:\/\/pondusair.cz\/pl\/wp-json\/wp\/v2\/pages\/482\/revisions"}],"predecessor-version":[{"id":1413,"href":"https:\/\/pondusair.cz\/pl\/wp-json\/wp\/v2\/pages\/482\/revisions\/1413"}],"wp:attachment":[{"href":"https:\/\/pondusair.cz\/pl\/wp-json\/wp\/v2\/media?parent=482"}],"curies":[{"name":"wp","href":"https:\/\/api.w.org\/{rel}","templated":true}]}}