{"id":706,"date":"2023-05-12T06:43:31","date_gmt":"2023-05-12T04:43:31","guid":{"rendered":"https:\/\/pondusair.cz\/en\/?page_id=706"},"modified":"2025-01-08T08:54:30","modified_gmt":"2025-01-08T07:54:30","slug":"teoreticke-vycviky","status":"publish","type":"page","link":"https:\/\/pondusair.cz\/en\/teoreticke-vycviky\/","title":{"rendered":"Teoretick\u00e9 v\u00fdcviky"},"content":{"rendered":"\t\t<div data-elementor-type=\"wp-page\" data-elementor-id=\"706\" class=\"elementor elementor-706\" data-elementor-post-type=\"page\">\n\t\t\t\t\t\t<section class=\"elementor-section elementor-top-section elementor-element elementor-element-e0907c9 elementor-section-height-min-height elementor-section-boxed elementor-section-height-default elementor-section-items-middle\" data-id=\"e0907c9\" data-element_type=\"section\" data-e-type=\"section\" data-settings=\"{&quot;background_background&quot;:&quot;classic&quot;,&quot;shape_divider_bottom_negative&quot;:&quot;yes&quot;,&quot;shape_divider_bottom&quot;:&quot;triangle&quot;}\">\n\t\t\t\t\t\t\t<div class=\"elementor-background-overlay\"><\/div>\n\t\t\t\t\t\t<div class=\"elementor-shape elementor-shape-bottom\" aria-hidden=\"true\" data-negative=\"true\">\n\t\t\t<svg xmlns=\"http:\/\/www.w3.org\/2000\/svg\" viewBox=\"0 0 1000 100\" preserveAspectRatio=\"none\">\n\t<path class=\"elementor-shape-fill\" d=\"M500.2,94.7L0,0v100h1000V0L500.2,94.7z\"\/>\n<\/svg>\t\t<\/div>\n\t\t\t\t\t<div class=\"elementor-container elementor-column-gap-no\">\n\t\t\t\t\t<div class=\"elementor-column elementor-col-100 elementor-top-column elementor-element elementor-element-b1e7ecf elementor-invisible\" data-id=\"b1e7ecf\" data-element_type=\"column\" data-e-type=\"column\" data-settings=\"{&quot;animation&quot;:&quot;fadeInLeft&quot;,&quot;animation_tablet&quot;:&quot;none&quot;}\">\n\t\t\t<div class=\"elementor-widget-wrap elementor-element-populated\">\n\t\t\t\t\t\t<div class=\"elementor-element elementor-element-72bc581 elementor-widget elementor-widget-text-editor\" data-id=\"72bc581\" data-element_type=\"widget\" data-e-type=\"widget\" data-widget_type=\"text-editor.default\">\n\t\t\t\t<div class=\"elementor-widget-container\">\n\t\t\t\t\t\t\t\t\t<p>Flight training<\/p>\t\t\t\t\t\t\t\t<\/div>\n\t\t\t\t<\/div>\n\t\t\t\t<div class=\"elementor-element elementor-element-08fb782 elementor-widget elementor-widget-text-editor\" data-id=\"08fb782\" data-element_type=\"widget\" data-e-type=\"widget\" data-widget_type=\"text-editor.default\">\n\t\t\t\t<div class=\"elementor-widget-container\">\n\t\t\t\t\t\t\t\t\t<p>Theoretical trainings<\/p>\t\t\t\t\t\t\t\t<\/div>\n\t\t\t\t<\/div>\n\t\t\t\t\t<\/div>\n\t\t<\/div>\n\t\t\t\t\t<\/div>\n\t\t<\/section>\n\t\t\t\t<section class=\"elementor-section elementor-top-section elementor-element elementor-element-1b613da elementor-section-boxed elementor-section-height-default elementor-section-height-default\" data-id=\"1b613da\" data-element_type=\"section\" data-e-type=\"section\">\n\t\t\t\t\t\t<div class=\"elementor-container elementor-column-gap-no\">\n\t\t\t\t\t<div class=\"elementor-column elementor-col-100 elementor-top-column elementor-element elementor-element-a2a29ba\" data-id=\"a2a29ba\" data-element_type=\"column\" data-e-type=\"column\">\n\t\t\t<div class=\"elementor-widget-wrap elementor-element-populated\">\n\t\t\t\t\t\t<div class=\"elementor-element elementor-element-22331b3 elementor-widget elementor-widget-heading\" data-id=\"22331b3\" data-element_type=\"widget\" data-e-type=\"widget\" data-widget_type=\"heading.default\">\n\t\t\t\t<div class=\"elementor-widget-container\">\n\t\t\t\t\t<h2 class=\"elementor-heading-title elementor-size-default\">Flight training<\/h2>\t\t\t\t<\/div>\n\t\t\t\t<\/div>\n\t\t\t\t<div class=\"elementor-element elementor-element-ea11c6d elementor-widget elementor-widget-heading\" data-id=\"ea11c6d\" data-element_type=\"widget\" data-e-type=\"widget\" data-widget_type=\"heading.default\">\n\t\t\t\t<div class=\"elementor-widget-container\">\n\t\t\t\t\t<h2 class=\"elementor-heading-title elementor-size-default\">We will prepare you through theoretical training<\/h2>\t\t\t\t<\/div>\n\t\t\t\t<\/div>\n\t\t\t\t<div class=\"elementor-element elementor-element-9842d4a elementor-widget elementor-widget-text-editor\" data-id=\"9842d4a\" data-element_type=\"widget\" data-e-type=\"widget\" data-widget_type=\"text-editor.default\">\n\t\t\t\t<div class=\"elementor-widget-container\">\n\t\t\t\t\t\t\t\t\t<p style=\"text-align: center;\">If you want to become a professional pilot and go towards a professional career in airlines, or just fly for your own pleasure and develop your piloting technique, or participate in various air competitions, you are in the right place. Our company offers both light aircraft pilot training with various clauses, including acrobatics, and transport aircraft pilot training. All this in the pleasant environment of our school and at a professional level. View our offer of trainings.<\/p>\t\t\t\t\t\t\t\t<\/div>\n\t\t\t\t<\/div>\n\t\t\t\t\t<\/div>\n\t\t<\/div>\n\t\t\t\t\t<\/div>\n\t\t<\/section>\n\t\t\t\t<section class=\"elementor-section elementor-top-section elementor-element elementor-element-5eac74e elementor-reverse-tablet elementor-reverse-mobile elementor-section-boxed elementor-section-height-default elementor-section-height-default\" data-id=\"5eac74e\" data-element_type=\"section\" data-e-type=\"section\">\n\t\t\t\t\t\t<div class=\"elementor-container elementor-column-gap-no\">\n\t\t\t\t\t<div class=\"elementor-column elementor-col-100 elementor-top-column elementor-element elementor-element-d7e91f1\" data-id=\"d7e91f1\" data-element_type=\"column\" data-e-type=\"column\">\n\t\t\t<div class=\"elementor-widget-wrap elementor-element-populated\">\n\t\t\t\t\t\t<section class=\"elementor-section elementor-inner-section elementor-element elementor-element-a0ae481 elementor-section-boxed elementor-section-height-default elementor-section-height-default\" data-id=\"a0ae481\" data-element_type=\"section\" data-e-type=\"section\">\n\t\t\t\t\t\t<div class=\"elementor-container elementor-column-gap-no\">\n\t\t\t\t\t<div class=\"elementor-column elementor-col-25 elementor-inner-column elementor-element elementor-element-bd6a6cb\" data-id=\"bd6a6cb\" data-element_type=\"column\" data-e-type=\"column\">\n\t\t\t<div class=\"elementor-widget-wrap elementor-element-populated\">\n\t\t\t\t\t\t<div class=\"elementor-element elementor-element-0c02eba elementor-widget elementor-widget-heading\" data-id=\"0c02eba\" data-element_type=\"widget\" data-e-type=\"widget\" data-widget_type=\"heading.default\">\n\t\t\t\t<div class=\"elementor-widget-container\">\n\t\t\t\t\t<h2 class=\"elementor-heading-title elementor-size-default\"><a href=\"\/en\/atpla\">ATPL(A)<\/a><\/h2>\t\t\t\t<\/div>\n\t\t\t\t<\/div>\n\t\t\t\t\t<\/div>\n\t\t<\/div>\n\t\t\t\t<div class=\"elementor-column elementor-col-25 elementor-inner-column elementor-element elementor-element-61911ba\" data-id=\"61911ba\" data-element_type=\"column\" data-e-type=\"column\">\n\t\t\t<div class=\"elementor-widget-wrap elementor-element-populated\">\n\t\t\t\t\t\t<div class=\"elementor-element elementor-element-c26acbb elementor-widget elementor-widget-heading\" data-id=\"c26acbb\" data-element_type=\"widget\" data-e-type=\"widget\" data-widget_type=\"heading.default\">\n\t\t\t\t<div class=\"elementor-widget-container\">\n\t\t\t\t\t<h2 class=\"elementor-heading-title elementor-size-default\"><a href=\"\/en\/ir-english\/\">IR ENGLISH<\/a><\/h2>\t\t\t\t<\/div>\n\t\t\t\t<\/div>\n\t\t\t\t\t<\/div>\n\t\t<\/div>\n\t\t\t\t<div class=\"elementor-column elementor-col-25 elementor-inner-column elementor-element elementor-element-143c692\" data-id=\"143c692\" data-element_type=\"column\" data-e-type=\"column\">\n\t\t\t<div class=\"elementor-widget-wrap elementor-element-populated\">\n\t\t\t\t\t\t<div class=\"elementor-element elementor-element-cf4c3c1 elementor-widget elementor-widget-heading\" data-id=\"cf4c3c1\" data-element_type=\"widget\" data-e-type=\"widget\" data-widget_type=\"heading.default\">\n\t\t\t\t<div class=\"elementor-widget-container\">\n\t\t\t\t\t<h2 class=\"elementor-heading-title elementor-size-default\"><a href=\"\/en\/icao-english\/\">ICAO ENGLISH<\/a><\/h2>\t\t\t\t<\/div>\n\t\t\t\t<\/div>\n\t\t\t\t\t<\/div>\n\t\t<\/div>\n\t\t\t\t<div class=\"elementor-column elementor-col-25 elementor-inner-column elementor-element elementor-element-47f02ee\" data-id=\"47f02ee\" data-element_type=\"column\" data-e-type=\"column\">\n\t\t\t<div class=\"elementor-widget-wrap elementor-element-populated\">\n\t\t\t\t\t\t<div class=\"elementor-element elementor-element-54d25b1 elementor-widget elementor-widget-heading\" data-id=\"54d25b1\" data-element_type=\"widget\" data-e-type=\"widget\" data-widget_type=\"heading.default\">\n\t\t\t\t<div class=\"elementor-widget-container\">\n\t\t\t\t\t<h2 class=\"elementor-heading-title elementor-size-default\"><a href=\"\/en\/seminar-instruktoru\/\">Seminar for instructors<\/a><\/h2>\t\t\t\t<\/div>\n\t\t\t\t<\/div>\n\t\t\t\t\t<\/div>\n\t\t<\/div>\n\t\t\t\t\t<\/div>\n\t\t<\/section>\n\t\t\t\t\t<\/div>\n\t\t<\/div>\n\t\t\t\t\t<\/div>\n\t\t<\/section>\n\t\t\t\t<section class=\"elementor-section elementor-top-section elementor-element elementor-element-08dba73 elementor-section-boxed elementor-section-height-default elementor-section-height-default\" data-id=\"08dba73\" data-element_type=\"section\" data-e-type=\"section\">\n\t\t\t\t\t\t<div class=\"elementor-container elementor-column-gap-no\">\n\t\t\t\t\t<div class=\"elementor-column elementor-col-100 elementor-top-column elementor-element elementor-element-e244693\" data-id=\"e244693\" data-element_type=\"column\" data-e-type=\"column\">\n\t\t\t<div class=\"elementor-widget-wrap elementor-element-populated\">\n\t\t\t\t\t\t<div class=\"elementor-element elementor-element-487098f elementor-widget elementor-widget-gallery\" data-id=\"487098f\" data-element_type=\"widget\" data-e-type=\"widget\" data-settings=\"{&quot;lazyload&quot;:&quot;yes&quot;,&quot;gallery_layout&quot;:&quot;grid&quot;,&quot;columns&quot;:4,&quot;columns_tablet&quot;:2,&quot;columns_mobile&quot;:1,&quot;gap&quot;:{&quot;unit&quot;:&quot;px&quot;,&quot;size&quot;:10,&quot;sizes&quot;:[]},&quot;gap_tablet&quot;:{&quot;unit&quot;:&quot;px&quot;,&quot;size&quot;:10,&quot;sizes&quot;:[]},&quot;gap_mobile&quot;:{&quot;unit&quot;:&quot;px&quot;,&quot;size&quot;:10,&quot;sizes&quot;:[]},&quot;link_to&quot;:&quot;file&quot;,&quot;aspect_ratio&quot;:&quot;3:2&quot;,&quot;overlay_background&quot;:&quot;yes&quot;,&quot;content_hover_animation&quot;:&quot;fade-in&quot;}\" data-widget_type=\"gallery.default\">\n\t\t\t\t<div class=\"elementor-widget-container\">\n\t\t\t\t\t\t\t<div class=\"elementor-gallery__container\">\n\t\t\t\t\t\t\t<a class=\"e-gallery-item elementor-gallery-item elementor-animated-content\" href=\"https:\/\/pondusair.cz\/en\/wp-content\/uploads\/2023\/05\/DSC_0376-scaled.jpg\" data-elementor-open-lightbox=\"yes\" data-elementor-lightbox-slideshow=\"487098f\" data-elementor-lightbox-title=\"DSC_0376\" data-e-action-hash=\"#elementor-action%3Aaction%3Dlightbox%26settings%3DeyJpZCI6Mjk5LCJ1cmwiOiJodHRwczpcL1wvcG9uZHVzYWlyLmN6XC9lblwvd3AtY29udGVudFwvdXBsb2Fkc1wvMjAyM1wvMDVcL0RTQ18wMzc2LXNjYWxlZC5qcGciLCJzbGlkZXNob3ciOiI0ODcwOThmIn0%3D\">\n\t\t\t\t\t<div class=\"e-gallery-image elementor-gallery-item__image\" data-thumbnail=\"https:\/\/pondusair.cz\/en\/wp-content\/uploads\/2023\/05\/DSC_0376-scaled.jpg\" data-width=\"2560\" data-height=\"1440\" aria-label=\"\" role=\"img\" ><\/div>\n\t\t\t\t\t\t\t\t\t\t\t<div class=\"elementor-gallery-item__overlay\"><\/div>\n\t\t\t\t\t\t\t\t\t\t\t\t\t\t<\/a>\n\t\t\t\t\t\t\t<a class=\"e-gallery-item elementor-gallery-item elementor-animated-content\" href=\"https:\/\/pondusair.cz\/en\/wp-content\/uploads\/2023\/05\/DSC_2038-scaled.jpg\" data-elementor-open-lightbox=\"yes\" data-elementor-lightbox-slideshow=\"487098f\" data-elementor-lightbox-title=\"DSC_2038\" data-e-action-hash=\"#elementor-action%3Aaction%3Dlightbox%26settings%3DeyJpZCI6MjU5LCJ1cmwiOiJodHRwczpcL1wvcG9uZHVzYWlyLmN6XC9lblwvd3AtY29udGVudFwvdXBsb2Fkc1wvMjAyM1wvMDVcL0RTQ18yMDM4LXNjYWxlZC5qcGciLCJzbGlkZXNob3ciOiI0ODcwOThmIn0%3D\">\n\t\t\t\t\t<div class=\"e-gallery-image elementor-gallery-item__image\" data-thumbnail=\"https:\/\/pondusair.cz\/en\/wp-content\/uploads\/2023\/05\/DSC_2038-scaled.jpg\" data-width=\"2560\" data-height=\"1706\" aria-label=\"\" role=\"img\" ><\/div>\n\t\t\t\t\t\t\t\t\t\t\t<div class=\"elementor-gallery-item__overlay\"><\/div>\n\t\t\t\t\t\t\t\t\t\t\t\t\t\t<\/a>\n\t\t\t\t\t\t\t<a class=\"e-gallery-item elementor-gallery-item elementor-animated-content\" href=\"https:\/\/pondusair.cz\/en\/wp-content\/uploads\/2023\/05\/DSC_0348-scaled.jpg\" data-elementor-open-lightbox=\"yes\" data-elementor-lightbox-slideshow=\"487098f\" data-elementor-lightbox-title=\"DSC_0348\" data-e-action-hash=\"#elementor-action%3Aaction%3Dlightbox%26settings%3DeyJpZCI6MjQ4LCJ1cmwiOiJodHRwczpcL1wvcG9uZHVzYWlyLmN6XC9lblwvd3AtY29udGVudFwvdXBsb2Fkc1wvMjAyM1wvMDVcL0RTQ18wMzQ4LXNjYWxlZC5qcGciLCJzbGlkZXNob3ciOiI0ODcwOThmIn0%3D\">\n\t\t\t\t\t<div class=\"e-gallery-image elementor-gallery-item__image\" data-thumbnail=\"https:\/\/pondusair.cz\/en\/wp-content\/uploads\/2023\/05\/DSC_0348-scaled.jpg\" data-width=\"2560\" data-height=\"1440\" aria-label=\"\" role=\"img\" ><\/div>\n\t\t\t\t\t\t\t\t\t\t\t<div class=\"elementor-gallery-item__overlay\"><\/div>\n\t\t\t\t\t\t\t\t\t\t\t\t\t\t<\/a>\n\t\t\t\t\t\t\t<a class=\"e-gallery-item elementor-gallery-item elementor-animated-content\" href=\"https:\/\/pondusair.cz\/en\/wp-content\/uploads\/2023\/05\/DSC_0775-scaled.jpg\" data-elementor-open-lightbox=\"yes\" data-elementor-lightbox-slideshow=\"487098f\" data-elementor-lightbox-title=\"DSC_0775\" data-e-action-hash=\"#elementor-action%3Aaction%3Dlightbox%26settings%3DeyJpZCI6MjQ3LCJ1cmwiOiJodHRwczpcL1wvcG9uZHVzYWlyLmN6XC9lblwvd3AtY29udGVudFwvdXBsb2Fkc1wvMjAyM1wvMDVcL0RTQ18wNzc1LXNjYWxlZC5qcGciLCJzbGlkZXNob3ciOiI0ODcwOThmIn0%3D\">\n\t\t\t\t\t<div class=\"e-gallery-image elementor-gallery-item__image\" data-thumbnail=\"https:\/\/pondusair.cz\/en\/wp-content\/uploads\/2023\/05\/DSC_0775-scaled.jpg\" data-width=\"2560\" data-height=\"1706\" aria-label=\"\" role=\"img\" ><\/div>\n\t\t\t\t\t\t\t\t\t\t\t<div class=\"elementor-gallery-item__overlay\"><\/div>\n\t\t\t\t\t\t\t\t\t\t\t\t\t\t<\/a>\n\t\t\t\t\t<\/div>\n\t\t\t\t\t<\/div>\n\t\t\t\t<\/div>\n\t\t\t\t\t<\/div>\n\t\t<\/div>\n\t\t\t\t\t<\/div>\n\t\t<\/section>\n\t\t\t\t<\/div>\n\t\t","protected":false},"excerpt":{"rendered":"<p>Flight training Theoretical trainings Flight training We will prepare you through theoretical training If you want to become a professional pilot and go towards a professional career in airlines, or just fly for your own pleasure and develop your piloting technique, or participate in various air competitions, you are in the right place. Our company [&hellip;]<\/p>\n","protected":false},"author":1,"featured_media":0,"parent":0,"menu_order":0,"comment_status":"closed","ping_status":"closed","template":"elementor_header_footer","meta":{"footnotes":""},"class_list":["post-706","page","type-page","status-publish","hentry"],"yoast_head":"<!-- This site is optimized with the Yoast SEO plugin v27.5 - https:\/\/yoast.com\/product\/yoast-seo-wordpress\/ -->\n<title>Teoretick\u00e9 v\u00fdcviky - Pondus Air EN<\/title>\n<meta name=\"robots\" content=\"index, follow, max-snippet:-1, max-image-preview:large, max-video-preview:-1\" \/>\n<link rel=\"canonical\" href=\"https:\/\/pondusair.cz\/en\/teoreticke-vycviky\/\" \/>\n<meta property=\"og:locale\" content=\"cs_CZ\" \/>\n<meta property=\"og:type\" content=\"article\" \/>\n<meta property=\"og:title\" content=\"Teoretick\u00e9 v\u00fdcviky - Pondus Air EN\" \/>\n<meta property=\"og:description\" content=\"Flight training Theoretical trainings Flight training We will prepare you through theoretical training If you want to become a professional pilot and go towards a professional career in airlines, or just fly for your own pleasure and develop your piloting technique, or participate in various air competitions, you are in the right place. Our company [&hellip;]\" \/>\n<meta property=\"og:url\" content=\"https:\/\/pondusair.cz\/en\/teoreticke-vycviky\/\" \/>\n<meta property=\"og:site_name\" content=\"Pondus Air EN\" \/>\n<meta property=\"article:publisher\" content=\"https:\/\/www.facebook.com\/pondusair\" \/>\n<meta property=\"article:modified_time\" content=\"2025-01-08T07:54:30+00:00\" \/>\n<meta property=\"og:image\" content=\"https:\/\/pondusair.cz\/en\/wp-content\/uploads\/2023\/07\/Pondus-Air-Letecka-spolecnost-a-skola-pilotu.-Naucte-se-letat.jpg\" \/>\n\t<meta property=\"og:image:width\" content=\"1984\" \/>\n\t<meta property=\"og:image:height\" content=\"1116\" \/>\n\t<meta property=\"og:image:type\" content=\"image\/jpeg\" \/>\n<meta name=\"twitter:card\" content=\"summary_large_image\" \/>\n<meta name=\"twitter:label1\" content=\"Odhadovan\u00e1 doba \u010dten\u00ed\" \/>\n\t<meta name=\"twitter:data1\" content=\"1 minuta\" \/>\n<script type=\"application\/ld+json\" class=\"yoast-schema-graph\">{\"@context\":\"https:\\\/\\\/schema.org\",\"@graph\":[{\"@type\":\"WebPage\",\"@id\":\"https:\\\/\\\/pondusair.cz\\\/en\\\/teoreticke-vycviky\\\/\",\"url\":\"https:\\\/\\\/pondusair.cz\\\/en\\\/teoreticke-vycviky\\\/\",\"name\":\"Teoretick\u00e9 v\u00fdcviky - Pondus Air EN\",\"isPartOf\":{\"@id\":\"https:\\\/\\\/pondusair.cz\\\/en\\\/#website\"},\"datePublished\":\"2023-05-12T04:43:31+00:00\",\"dateModified\":\"2025-01-08T07:54:30+00:00\",\"breadcrumb\":{\"@id\":\"https:\\\/\\\/pondusair.cz\\\/en\\\/teoreticke-vycviky\\\/#breadcrumb\"},\"inLanguage\":\"cs\",\"potentialAction\":[{\"@type\":\"ReadAction\",\"target\":[\"https:\\\/\\\/pondusair.cz\\\/en\\\/teoreticke-vycviky\\\/\"]}]},{\"@type\":\"BreadcrumbList\",\"@id\":\"https:\\\/\\\/pondusair.cz\\\/en\\\/teoreticke-vycviky\\\/#breadcrumb\",\"itemListElement\":[{\"@type\":\"ListItem\",\"position\":1,\"name\":\"Dom\u016f\",\"item\":\"https:\\\/\\\/pondusair.cz\\\/en\\\/\"},{\"@type\":\"ListItem\",\"position\":2,\"name\":\"Teoretick\u00e9 v\u00fdcviky\"}]},{\"@type\":\"WebSite\",\"@id\":\"https:\\\/\\\/pondusair.cz\\\/en\\\/#website\",\"url\":\"https:\\\/\\\/pondusair.cz\\\/en\\\/\",\"name\":\"Pondus Air EN\",\"description\":\"Leteck\u00e1 spole\u010dnost a \u0161kola pilot\u016f. Nau\u010dte se l\u00e9tat!\",\"publisher\":{\"@id\":\"https:\\\/\\\/pondusair.cz\\\/en\\\/#organization\"},\"potentialAction\":[{\"@type\":\"SearchAction\",\"target\":{\"@type\":\"EntryPoint\",\"urlTemplate\":\"https:\\\/\\\/pondusair.cz\\\/en\\\/?s={search_term_string}\"},\"query-input\":{\"@type\":\"PropertyValueSpecification\",\"valueRequired\":true,\"valueName\":\"search_term_string\"}}],\"inLanguage\":\"cs\"},{\"@type\":\"Organization\",\"@id\":\"https:\\\/\\\/pondusair.cz\\\/en\\\/#organization\",\"name\":\"Pondus Air s.r.o.\",\"url\":\"https:\\\/\\\/pondusair.cz\\\/en\\\/\",\"logo\":{\"@type\":\"ImageObject\",\"inLanguage\":\"cs\",\"@id\":\"https:\\\/\\\/pondusair.cz\\\/en\\\/#\\\/schema\\\/logo\\\/image\\\/\",\"url\":\"https:\\\/\\\/pondusair.cz\\\/en\\\/wp-content\\\/uploads\\\/2023\\\/05\\\/Pondus-Air-Logo_Kreslici-platno-1.png\",\"contentUrl\":\"https:\\\/\\\/pondusair.cz\\\/en\\\/wp-content\\\/uploads\\\/2023\\\/05\\\/Pondus-Air-Logo_Kreslici-platno-1.png\",\"width\":452,\"height\":115,\"caption\":\"Pondus Air s.r.o.\"},\"image\":{\"@id\":\"https:\\\/\\\/pondusair.cz\\\/en\\\/#\\\/schema\\\/logo\\\/image\\\/\"},\"sameAs\":[\"https:\\\/\\\/www.facebook.com\\\/pondusair\"]}]}<\/script>\n<!-- \/ Yoast SEO plugin. -->","yoast_head_json":{"title":"Teoretick\u00e9 v\u00fdcviky - Pondus Air EN","robots":{"index":"index","follow":"follow","max-snippet":"max-snippet:-1","max-image-preview":"max-image-preview:large","max-video-preview":"max-video-preview:-1"},"canonical":"https:\/\/pondusair.cz\/en\/teoreticke-vycviky\/","og_locale":"cs_CZ","og_type":"article","og_title":"Teoretick\u00e9 v\u00fdcviky - Pondus Air EN","og_description":"Flight training Theoretical trainings Flight training We will prepare you through theoretical training If you want to become a professional pilot and go towards a professional career in airlines, or just fly for your own pleasure and develop your piloting technique, or participate in various air competitions, you are in the right place. Our company [&hellip;]","og_url":"https:\/\/pondusair.cz\/en\/teoreticke-vycviky\/","og_site_name":"Pondus Air EN","article_publisher":"https:\/\/www.facebook.com\/pondusair","article_modified_time":"2025-01-08T07:54:30+00:00","og_image":[{"width":1984,"height":1116,"url":"https:\/\/pondusair.cz\/en\/wp-content\/uploads\/2023\/07\/Pondus-Air-Letecka-spolecnost-a-skola-pilotu.-Naucte-se-letat.jpg","type":"image\/jpeg"}],"twitter_card":"summary_large_image","twitter_misc":{"Odhadovan\u00e1 doba \u010dten\u00ed":"1 minuta"},"schema":{"@context":"https:\/\/schema.org","@graph":[{"@type":"WebPage","@id":"https:\/\/pondusair.cz\/en\/teoreticke-vycviky\/","url":"https:\/\/pondusair.cz\/en\/teoreticke-vycviky\/","name":"Teoretick\u00e9 v\u00fdcviky - Pondus Air EN","isPartOf":{"@id":"https:\/\/pondusair.cz\/en\/#website"},"datePublished":"2023-05-12T04:43:31+00:00","dateModified":"2025-01-08T07:54:30+00:00","breadcrumb":{"@id":"https:\/\/pondusair.cz\/en\/teoreticke-vycviky\/#breadcrumb"},"inLanguage":"cs","potentialAction":[{"@type":"ReadAction","target":["https:\/\/pondusair.cz\/en\/teoreticke-vycviky\/"]}]},{"@type":"BreadcrumbList","@id":"https:\/\/pondusair.cz\/en\/teoreticke-vycviky\/#breadcrumb","itemListElement":[{"@type":"ListItem","position":1,"name":"Dom\u016f","item":"https:\/\/pondusair.cz\/en\/"},{"@type":"ListItem","position":2,"name":"Teoretick\u00e9 v\u00fdcviky"}]},{"@type":"WebSite","@id":"https:\/\/pondusair.cz\/en\/#website","url":"https:\/\/pondusair.cz\/en\/","name":"Pondus Air EN","description":"Leteck\u00e1 spole\u010dnost a \u0161kola pilot\u016f. Nau\u010dte se l\u00e9tat!","publisher":{"@id":"https:\/\/pondusair.cz\/en\/#organization"},"potentialAction":[{"@type":"SearchAction","target":{"@type":"EntryPoint","urlTemplate":"https:\/\/pondusair.cz\/en\/?s={search_term_string}"},"query-input":{"@type":"PropertyValueSpecification","valueRequired":true,"valueName":"search_term_string"}}],"inLanguage":"cs"},{"@type":"Organization","@id":"https:\/\/pondusair.cz\/en\/#organization","name":"Pondus Air s.r.o.","url":"https:\/\/pondusair.cz\/en\/","logo":{"@type":"ImageObject","inLanguage":"cs","@id":"https:\/\/pondusair.cz\/en\/#\/schema\/logo\/image\/","url":"https:\/\/pondusair.cz\/en\/wp-content\/uploads\/2023\/05\/Pondus-Air-Logo_Kreslici-platno-1.png","contentUrl":"https:\/\/pondusair.cz\/en\/wp-content\/uploads\/2023\/05\/Pondus-Air-Logo_Kreslici-platno-1.png","width":452,"height":115,"caption":"Pondus Air s.r.o."},"image":{"@id":"https:\/\/pondusair.cz\/en\/#\/schema\/logo\/image\/"},"sameAs":["https:\/\/www.facebook.com\/pondusair"]}]}},"_links":{"self":[{"href":"https:\/\/pondusair.cz\/en\/wp-json\/wp\/v2\/pages\/706","targetHints":{"allow":["GET"]}}],"collection":[{"href":"https:\/\/pondusair.cz\/en\/wp-json\/wp\/v2\/pages"}],"about":[{"href":"https:\/\/pondusair.cz\/en\/wp-json\/wp\/v2\/types\/page"}],"author":[{"embeddable":true,"href":"https:\/\/pondusair.cz\/en\/wp-json\/wp\/v2\/users\/1"}],"replies":[{"embeddable":true,"href":"https:\/\/pondusair.cz\/en\/wp-json\/wp\/v2\/comments?post=706"}],"version-history":[{"count":25,"href":"https:\/\/pondusair.cz\/en\/wp-json\/wp\/v2\/pages\/706\/revisions"}],"predecessor-version":[{"id":1719,"href":"https:\/\/pondusair.cz\/en\/wp-json\/wp\/v2\/pages\/706\/revisions\/1719"}],"wp:attachment":[{"href":"https:\/\/pondusair.cz\/en\/wp-json\/wp\/v2\/media?parent=706"}],"curies":[{"name":"wp","href":"https:\/\/api.w.org\/{rel}","templated":true}]}}