{"id":555,"date":"2023-05-11T19:50:02","date_gmt":"2023-05-11T17:50:02","guid":{"rendered":"https:\/\/pondusair.cz\/en\/?page_id=555"},"modified":"2025-01-08T11:21:39","modified_gmt":"2025-01-08T10:21:39","slug":"cplh","status":"publish","type":"page","link":"https:\/\/pondusair.cz\/en\/cplh\/","title":{"rendered":"CPL(H)"},"content":{"rendered":"\t\t<div data-elementor-type=\"wp-page\" data-elementor-id=\"555\" class=\"elementor elementor-555\" data-elementor-post-type=\"page\">\n\t\t\t\t\t\t<section class=\"elementor-section elementor-top-section elementor-element elementor-element-e0907c9 elementor-section-height-min-height elementor-section-boxed elementor-section-height-default elementor-section-items-middle\" data-id=\"e0907c9\" data-element_type=\"section\" data-e-type=\"section\" data-settings=\"{&quot;background_background&quot;:&quot;classic&quot;,&quot;shape_divider_bottom_negative&quot;:&quot;yes&quot;,&quot;shape_divider_bottom&quot;:&quot;triangle&quot;}\">\n\t\t\t\t\t\t\t<div class=\"elementor-background-overlay\"><\/div>\n\t\t\t\t\t\t<div class=\"elementor-shape elementor-shape-bottom\" aria-hidden=\"true\" data-negative=\"true\">\n\t\t\t<svg xmlns=\"http:\/\/www.w3.org\/2000\/svg\" viewBox=\"0 0 1000 100\" preserveAspectRatio=\"none\">\n\t<path class=\"elementor-shape-fill\" d=\"M500.2,94.7L0,0v100h1000V0L500.2,94.7z\"\/>\n<\/svg>\t\t<\/div>\n\t\t\t\t\t<div class=\"elementor-container elementor-column-gap-no\">\n\t\t\t\t\t<div class=\"elementor-column elementor-col-100 elementor-top-column elementor-element elementor-element-b1e7ecf elementor-invisible\" data-id=\"b1e7ecf\" data-element_type=\"column\" data-e-type=\"column\" data-settings=\"{&quot;animation&quot;:&quot;fadeInLeft&quot;,&quot;animation_tablet&quot;:&quot;none&quot;}\">\n\t\t\t<div class=\"elementor-widget-wrap elementor-element-populated\">\n\t\t\t\t\t\t<div class=\"elementor-element elementor-element-72bc581 elementor-widget elementor-widget-text-editor\" data-id=\"72bc581\" data-element_type=\"widget\" data-e-type=\"widget\" data-widget_type=\"text-editor.default\">\n\t\t\t\t<div class=\"elementor-widget-container\">\n\t\t\t\t\t\t\t\t\t<p>Helicopters<\/p>\t\t\t\t\t\t\t\t<\/div>\n\t\t\t\t<\/div>\n\t\t\t\t<div class=\"elementor-element elementor-element-08fb782 elementor-widget elementor-widget-text-editor\" data-id=\"08fb782\" data-element_type=\"widget\" data-e-type=\"widget\" data-widget_type=\"text-editor.default\">\n\t\t\t\t<div class=\"elementor-widget-container\">\n\t\t\t\t\t\t\t\t\t<p><strong>CPL(H)<\/strong><\/p>\t\t\t\t\t\t\t\t<\/div>\n\t\t\t\t<\/div>\n\t\t\t\t\t<\/div>\n\t\t<\/div>\n\t\t\t\t\t<\/div>\n\t\t<\/section>\n\t\t\t\t<section class=\"elementor-section elementor-top-section elementor-element elementor-element-7ee5220 elementor-reverse-tablet elementor-reverse-mobile elementor-section-boxed elementor-section-height-default elementor-section-height-default\" data-id=\"7ee5220\" data-element_type=\"section\" data-e-type=\"section\">\n\t\t\t\t\t\t<div class=\"elementor-container elementor-column-gap-no\">\n\t\t\t\t\t<div class=\"elementor-column elementor-col-50 elementor-top-column elementor-element elementor-element-97a8b68\" data-id=\"97a8b68\" data-element_type=\"column\" data-e-type=\"column\" data-settings=\"{&quot;background_background&quot;:&quot;classic&quot;}\">\n\t\t\t<div class=\"elementor-widget-wrap elementor-element-populated\">\n\t\t\t\t\t\t<section class=\"elementor-section elementor-inner-section elementor-element elementor-element-ad6d6d6 elementor-section-boxed elementor-section-height-default elementor-section-height-default\" data-id=\"ad6d6d6\" data-element_type=\"section\" data-e-type=\"section\" data-settings=\"{&quot;background_background&quot;:&quot;classic&quot;}\">\n\t\t\t\t\t\t<div class=\"elementor-container elementor-column-gap-default\">\n\t\t\t\t\t<div class=\"elementor-column elementor-col-100 elementor-inner-column elementor-element elementor-element-3fdad65\" data-id=\"3fdad65\" data-element_type=\"column\" data-e-type=\"column\">\n\t\t\t<div class=\"elementor-widget-wrap elementor-element-populated\">\n\t\t\t\t\t\t<div class=\"elementor-element elementor-element-0972831 elementor-widget elementor-widget-spacer\" data-id=\"0972831\" data-element_type=\"widget\" data-e-type=\"widget\" data-widget_type=\"spacer.default\">\n\t\t\t\t<div class=\"elementor-widget-container\">\n\t\t\t\t\t\t\t<div class=\"elementor-spacer\">\n\t\t\t<div class=\"elementor-spacer-inner\"><\/div>\n\t\t<\/div>\n\t\t\t\t\t\t<\/div>\n\t\t\t\t<\/div>\n\t\t\t\t<div class=\"elementor-element elementor-element-231c98e elementor-widget__width-initial elementor-view-default elementor-widget elementor-widget-icon\" data-id=\"231c98e\" data-element_type=\"widget\" data-e-type=\"widget\" data-widget_type=\"icon.default\">\n\t\t\t\t<div class=\"elementor-widget-container\">\n\t\t\t\t\t\t\t<div class=\"elementor-icon-wrapper\">\n\t\t\t<div class=\"elementor-icon\">\n\t\t\t<i aria-hidden=\"true\" class=\"fas fa-helicopter\"><\/i>\t\t\t<\/div>\n\t\t<\/div>\n\t\t\t\t\t\t<\/div>\n\t\t\t\t<\/div>\n\t\t\t\t\t<\/div>\n\t\t<\/div>\n\t\t\t\t\t<\/div>\n\t\t<\/section>\n\t\t\t\t\t<\/div>\n\t\t<\/div>\n\t\t\t\t<div class=\"elementor-column elementor-col-50 elementor-top-column elementor-element elementor-element-7e1ad9e\" data-id=\"7e1ad9e\" data-element_type=\"column\" data-e-type=\"column\">\n\t\t\t<div class=\"elementor-widget-wrap elementor-element-populated\">\n\t\t\t\t\t\t<div class=\"elementor-element elementor-element-f3f435b elementor-widget elementor-widget-heading\" data-id=\"f3f435b\" data-element_type=\"widget\" data-e-type=\"widget\" data-widget_type=\"heading.default\">\n\t\t\t\t<div class=\"elementor-widget-container\">\n\t\t\t\t\t<h2 class=\"elementor-heading-title elementor-size-default\">Flight training<\/h2>\t\t\t\t<\/div>\n\t\t\t\t<\/div>\n\t\t\t\t<div class=\"elementor-element elementor-element-582ac7f elementor-widget elementor-widget-heading\" data-id=\"582ac7f\" data-element_type=\"widget\" data-e-type=\"widget\" data-widget_type=\"heading.default\">\n\t\t\t\t<div class=\"elementor-widget-container\">\n\t\t\t\t\t<h2 class=\"elementor-heading-title elementor-size-default\">CPL(H)<\/h2>\t\t\t\t<\/div>\n\t\t\t\t<\/div>\n\t\t\t\t<div class=\"elementor-element elementor-element-c7b8a18 elementor-widget elementor-widget-text-editor\" data-id=\"c7b8a18\" data-element_type=\"widget\" data-e-type=\"widget\" data-widget_type=\"text-editor.default\">\n\t\t\t\t<div class=\"elementor-widget-container\">\n\t\t\t\t\t\t\t\t\t<p>The CPL training is intended for all those who wish to fly as a professional pilot and allows the holder to fly for pay and to perform aeronautical work.<\/p>\t\t\t\t\t\t\t\t<\/div>\n\t\t\t\t<\/div>\n\t\t\t\t<div class=\"elementor-element elementor-element-37608c2 elementor-widget elementor-widget-heading\" data-id=\"37608c2\" data-element_type=\"widget\" data-e-type=\"widget\" data-widget_type=\"heading.default\">\n\t\t\t\t<div class=\"elementor-widget-container\">\n\t\t\t\t\t<h2 class=\"elementor-heading-title elementor-size-default\">Entry requirements<\/h2>\t\t\t\t<\/div>\n\t\t\t\t<\/div>\n\t\t\t\t<div class=\"elementor-element elementor-element-53f8676 elementor-mobile-align-start elementor-icon-list--layout-traditional elementor-list-item-link-full_width elementor-widget elementor-widget-icon-list\" data-id=\"53f8676\" data-element_type=\"widget\" data-e-type=\"widget\" data-widget_type=\"icon-list.default\">\n\t\t\t\t<div class=\"elementor-widget-container\">\n\t\t\t\t\t\t\t<ul class=\"elementor-icon-list-items\">\n\t\t\t\t\t\t\t<li class=\"elementor-icon-list-item\">\n\t\t\t\t\t\t\t\t\t\t\t<span class=\"elementor-icon-list-icon\">\n\t\t\t\t\t\t\t<i aria-hidden=\"true\" class=\"fas fa-check-circle\"><\/i>\t\t\t\t\t\t<\/span>\n\t\t\t\t\t\t\t\t\t\t<span class=\"elementor-icon-list-text\">Valid PPL(H)<\/span>\n\t\t\t\t\t\t\t\t\t<\/li>\n\t\t\t\t\t\t\t\t<li class=\"elementor-icon-list-item\">\n\t\t\t\t\t\t\t\t\t\t\t<span class=\"elementor-icon-list-icon\">\n\t\t\t\t\t\t\t<i aria-hidden=\"true\" class=\"fas fa-check-circle\"><\/i>\t\t\t\t\t\t<\/span>\n\t\t\t\t\t\t\t\t\t\t<span class=\"elementor-icon-list-text\">A minimum of 155 hours total flight time, including 10 hours of VFR navigation and 50 hours as PIC<\/span>\n\t\t\t\t\t\t\t\t\t<\/li>\n\t\t\t\t\t\t\t\t<li class=\"elementor-icon-list-item\">\n\t\t\t\t\t\t\t\t\t\t\t<span class=\"elementor-icon-list-icon\">\n\t\t\t\t\t\t\t<i aria-hidden=\"true\" class=\"fas fa-check-circle\"><\/i>\t\t\t\t\t\t<\/span>\n\t\t\t\t\t\t\t\t\t\t<span class=\"elementor-icon-list-text\">CPL or ATPL theoretical test<\/span>\n\t\t\t\t\t\t\t\t\t<\/li>\n\t\t\t\t\t\t\t\t<li class=\"elementor-icon-list-item\">\n\t\t\t\t\t\t\t\t\t\t\t<span class=\"elementor-icon-list-icon\">\n\t\t\t\t\t\t\t<i aria-hidden=\"true\" class=\"fas fa-check-circle\"><\/i>\t\t\t\t\t\t<\/span>\n\t\t\t\t\t\t\t\t\t\t<span class=\"elementor-icon-list-text\">Class 1 medical certificate<\/span>\n\t\t\t\t\t\t\t\t\t<\/li>\n\t\t\t\t\t\t<\/ul>\n\t\t\t\t\t\t<\/div>\n\t\t\t\t<\/div>\n\t\t\t\t<div class=\"elementor-element elementor-element-e53d00d elementor-widget elementor-widget-heading\" data-id=\"e53d00d\" data-element_type=\"widget\" data-e-type=\"widget\" data-widget_type=\"heading.default\">\n\t\t\t\t<div class=\"elementor-widget-container\">\n\t\t\t\t\t<h2 class=\"elementor-heading-title elementor-size-default\">Theoretical part<\/h2>\t\t\t\t<\/div>\n\t\t\t\t<\/div>\n\t\t\t\t<div class=\"elementor-element elementor-element-554acf9 elementor-widget elementor-widget-text-editor\" data-id=\"554acf9\" data-element_type=\"widget\" data-e-type=\"widget\" data-widget_type=\"text-editor.default\">\n\t\t\t\t<div class=\"elementor-widget-container\">\n\t\t\t\t\t\t\t\t\t<p>Theory may be accepted if the ATPL(H) theory has been passed; if the student does not hold an ATPL(H) theory, he\/she shall complete 200 hours of CPL(H) theory.<\/p>\t\t\t\t\t\t\t\t<\/div>\n\t\t\t\t<\/div>\n\t\t\t\t<div class=\"elementor-element elementor-element-162614b elementor-widget elementor-widget-heading\" data-id=\"162614b\" data-element_type=\"widget\" data-e-type=\"widget\" data-widget_type=\"heading.default\">\n\t\t\t\t<div class=\"elementor-widget-container\">\n\t\t\t\t\t<h2 class=\"elementor-heading-title elementor-size-default\">Practical part<\/h2>\t\t\t\t<\/div>\n\t\t\t\t<\/div>\n\t\t\t\t<div class=\"elementor-element elementor-element-b7beb72 elementor-widget elementor-widget-text-editor\" data-id=\"b7beb72\" data-element_type=\"widget\" data-e-type=\"widget\" data-widget_type=\"text-editor.default\">\n\t\t\t\t<div class=\"elementor-widget-container\">\n\t\t\t\t\t\t\t\t\t<p>The duration of practical training shall be between 20 and 30 flight hours. If the student holds an IR(H) rating, the flight time shall be reduced by 10 hours. If the student does not hold a night flight rating, he\/she will receive an additional 5 hours of training.<\/p>\t\t\t\t\t\t\t\t<\/div>\n\t\t\t\t<\/div>\n\t\t\t\t\t<\/div>\n\t\t<\/div>\n\t\t\t\t\t<\/div>\n\t\t<\/section>\n\t\t\t\t<\/div>\n\t\t","protected":false},"excerpt":{"rendered":"<p>Helicopters CPL(H) Flight training CPL(H) The CPL training is intended for all those who wish to fly as a professional pilot and allows the holder to fly for pay and to perform aeronautical work. Entry requirements Valid PPL(H) A minimum of 155 hours total flight time, including 10 hours of VFR navigation and 50 hours [&hellip;]<\/p>\n","protected":false},"author":1,"featured_media":0,"parent":0,"menu_order":0,"comment_status":"closed","ping_status":"closed","template":"elementor_header_footer","meta":{"footnotes":""},"class_list":["post-555","page","type-page","status-publish","hentry"],"yoast_head":"<!-- This site is optimized with the Yoast SEO plugin v27.5 - https:\/\/yoast.com\/product\/yoast-seo-wordpress\/ -->\n<title>CPL(H) - Pondus Air EN<\/title>\n<meta name=\"robots\" content=\"index, follow, max-snippet:-1, max-image-preview:large, max-video-preview:-1\" \/>\n<link rel=\"canonical\" href=\"https:\/\/pondusair.cz\/en\/cplh\/\" \/>\n<meta property=\"og:locale\" content=\"cs_CZ\" \/>\n<meta property=\"og:type\" content=\"article\" \/>\n<meta property=\"og:title\" content=\"CPL(H) - Pondus Air EN\" \/>\n<meta property=\"og:description\" content=\"Helicopters CPL(H) Flight training CPL(H) The CPL training is intended for all those who wish to fly as a professional pilot and allows the holder to fly for pay and to perform aeronautical work. Entry requirements Valid PPL(H) A minimum of 155 hours total flight time, including 10 hours of VFR navigation and 50 hours [&hellip;]\" \/>\n<meta property=\"og:url\" content=\"https:\/\/pondusair.cz\/en\/cplh\/\" \/>\n<meta property=\"og:site_name\" content=\"Pondus Air EN\" \/>\n<meta property=\"article:publisher\" content=\"https:\/\/www.facebook.com\/pondusair\" \/>\n<meta property=\"article:modified_time\" content=\"2025-01-08T10:21:39+00:00\" \/>\n<meta property=\"og:image\" content=\"https:\/\/pondusair.cz\/en\/wp-content\/uploads\/2023\/07\/Pondus-Air-Letecka-spolecnost-a-skola-pilotu.-Naucte-se-letat.jpg\" \/>\n\t<meta property=\"og:image:width\" content=\"1984\" \/>\n\t<meta property=\"og:image:height\" content=\"1116\" \/>\n\t<meta property=\"og:image:type\" content=\"image\/jpeg\" \/>\n<meta name=\"twitter:card\" content=\"summary_large_image\" \/>\n<meta name=\"twitter:label1\" content=\"Odhadovan\u00e1 doba \u010dten\u00ed\" \/>\n\t<meta name=\"twitter:data1\" content=\"1 minuta\" \/>\n<script type=\"application\/ld+json\" class=\"yoast-schema-graph\">{\"@context\":\"https:\\\/\\\/schema.org\",\"@graph\":[{\"@type\":\"WebPage\",\"@id\":\"https:\\\/\\\/pondusair.cz\\\/en\\\/cplh\\\/\",\"url\":\"https:\\\/\\\/pondusair.cz\\\/en\\\/cplh\\\/\",\"name\":\"CPL(H) - Pondus Air EN\",\"isPartOf\":{\"@id\":\"https:\\\/\\\/pondusair.cz\\\/en\\\/#website\"},\"datePublished\":\"2023-05-11T17:50:02+00:00\",\"dateModified\":\"2025-01-08T10:21:39+00:00\",\"breadcrumb\":{\"@id\":\"https:\\\/\\\/pondusair.cz\\\/en\\\/cplh\\\/#breadcrumb\"},\"inLanguage\":\"cs\",\"potentialAction\":[{\"@type\":\"ReadAction\",\"target\":[\"https:\\\/\\\/pondusair.cz\\\/en\\\/cplh\\\/\"]}]},{\"@type\":\"BreadcrumbList\",\"@id\":\"https:\\\/\\\/pondusair.cz\\\/en\\\/cplh\\\/#breadcrumb\",\"itemListElement\":[{\"@type\":\"ListItem\",\"position\":1,\"name\":\"Dom\u016f\",\"item\":\"https:\\\/\\\/pondusair.cz\\\/en\\\/\"},{\"@type\":\"ListItem\",\"position\":2,\"name\":\"CPL(H)\"}]},{\"@type\":\"WebSite\",\"@id\":\"https:\\\/\\\/pondusair.cz\\\/en\\\/#website\",\"url\":\"https:\\\/\\\/pondusair.cz\\\/en\\\/\",\"name\":\"Pondus Air EN\",\"description\":\"Leteck\u00e1 spole\u010dnost a \u0161kola pilot\u016f. Nau\u010dte se l\u00e9tat!\",\"publisher\":{\"@id\":\"https:\\\/\\\/pondusair.cz\\\/en\\\/#organization\"},\"potentialAction\":[{\"@type\":\"SearchAction\",\"target\":{\"@type\":\"EntryPoint\",\"urlTemplate\":\"https:\\\/\\\/pondusair.cz\\\/en\\\/?s={search_term_string}\"},\"query-input\":{\"@type\":\"PropertyValueSpecification\",\"valueRequired\":true,\"valueName\":\"search_term_string\"}}],\"inLanguage\":\"cs\"},{\"@type\":\"Organization\",\"@id\":\"https:\\\/\\\/pondusair.cz\\\/en\\\/#organization\",\"name\":\"Pondus Air s.r.o.\",\"url\":\"https:\\\/\\\/pondusair.cz\\\/en\\\/\",\"logo\":{\"@type\":\"ImageObject\",\"inLanguage\":\"cs\",\"@id\":\"https:\\\/\\\/pondusair.cz\\\/en\\\/#\\\/schema\\\/logo\\\/image\\\/\",\"url\":\"https:\\\/\\\/pondusair.cz\\\/en\\\/wp-content\\\/uploads\\\/2023\\\/05\\\/Pondus-Air-Logo_Kreslici-platno-1.png\",\"contentUrl\":\"https:\\\/\\\/pondusair.cz\\\/en\\\/wp-content\\\/uploads\\\/2023\\\/05\\\/Pondus-Air-Logo_Kreslici-platno-1.png\",\"width\":452,\"height\":115,\"caption\":\"Pondus Air s.r.o.\"},\"image\":{\"@id\":\"https:\\\/\\\/pondusair.cz\\\/en\\\/#\\\/schema\\\/logo\\\/image\\\/\"},\"sameAs\":[\"https:\\\/\\\/www.facebook.com\\\/pondusair\"]}]}<\/script>\n<!-- \/ Yoast SEO plugin. -->","yoast_head_json":{"title":"CPL(H) - Pondus Air EN","robots":{"index":"index","follow":"follow","max-snippet":"max-snippet:-1","max-image-preview":"max-image-preview:large","max-video-preview":"max-video-preview:-1"},"canonical":"https:\/\/pondusair.cz\/en\/cplh\/","og_locale":"cs_CZ","og_type":"article","og_title":"CPL(H) - Pondus Air EN","og_description":"Helicopters CPL(H) Flight training CPL(H) The CPL training is intended for all those who wish to fly as a professional pilot and allows the holder to fly for pay and to perform aeronautical work. Entry requirements Valid PPL(H) A minimum of 155 hours total flight time, including 10 hours of VFR navigation and 50 hours [&hellip;]","og_url":"https:\/\/pondusair.cz\/en\/cplh\/","og_site_name":"Pondus Air EN","article_publisher":"https:\/\/www.facebook.com\/pondusair","article_modified_time":"2025-01-08T10:21:39+00:00","og_image":[{"width":1984,"height":1116,"url":"https:\/\/pondusair.cz\/en\/wp-content\/uploads\/2023\/07\/Pondus-Air-Letecka-spolecnost-a-skola-pilotu.-Naucte-se-letat.jpg","type":"image\/jpeg"}],"twitter_card":"summary_large_image","twitter_misc":{"Odhadovan\u00e1 doba \u010dten\u00ed":"1 minuta"},"schema":{"@context":"https:\/\/schema.org","@graph":[{"@type":"WebPage","@id":"https:\/\/pondusair.cz\/en\/cplh\/","url":"https:\/\/pondusair.cz\/en\/cplh\/","name":"CPL(H) - Pondus Air EN","isPartOf":{"@id":"https:\/\/pondusair.cz\/en\/#website"},"datePublished":"2023-05-11T17:50:02+00:00","dateModified":"2025-01-08T10:21:39+00:00","breadcrumb":{"@id":"https:\/\/pondusair.cz\/en\/cplh\/#breadcrumb"},"inLanguage":"cs","potentialAction":[{"@type":"ReadAction","target":["https:\/\/pondusair.cz\/en\/cplh\/"]}]},{"@type":"BreadcrumbList","@id":"https:\/\/pondusair.cz\/en\/cplh\/#breadcrumb","itemListElement":[{"@type":"ListItem","position":1,"name":"Dom\u016f","item":"https:\/\/pondusair.cz\/en\/"},{"@type":"ListItem","position":2,"name":"CPL(H)"}]},{"@type":"WebSite","@id":"https:\/\/pondusair.cz\/en\/#website","url":"https:\/\/pondusair.cz\/en\/","name":"Pondus Air EN","description":"Leteck\u00e1 spole\u010dnost a \u0161kola pilot\u016f. Nau\u010dte se l\u00e9tat!","publisher":{"@id":"https:\/\/pondusair.cz\/en\/#organization"},"potentialAction":[{"@type":"SearchAction","target":{"@type":"EntryPoint","urlTemplate":"https:\/\/pondusair.cz\/en\/?s={search_term_string}"},"query-input":{"@type":"PropertyValueSpecification","valueRequired":true,"valueName":"search_term_string"}}],"inLanguage":"cs"},{"@type":"Organization","@id":"https:\/\/pondusair.cz\/en\/#organization","name":"Pondus Air s.r.o.","url":"https:\/\/pondusair.cz\/en\/","logo":{"@type":"ImageObject","inLanguage":"cs","@id":"https:\/\/pondusair.cz\/en\/#\/schema\/logo\/image\/","url":"https:\/\/pondusair.cz\/en\/wp-content\/uploads\/2023\/05\/Pondus-Air-Logo_Kreslici-platno-1.png","contentUrl":"https:\/\/pondusair.cz\/en\/wp-content\/uploads\/2023\/05\/Pondus-Air-Logo_Kreslici-platno-1.png","width":452,"height":115,"caption":"Pondus Air s.r.o."},"image":{"@id":"https:\/\/pondusair.cz\/en\/#\/schema\/logo\/image\/"},"sameAs":["https:\/\/www.facebook.com\/pondusair"]}]}},"_links":{"self":[{"href":"https:\/\/pondusair.cz\/en\/wp-json\/wp\/v2\/pages\/555","targetHints":{"allow":["GET"]}}],"collection":[{"href":"https:\/\/pondusair.cz\/en\/wp-json\/wp\/v2\/pages"}],"about":[{"href":"https:\/\/pondusair.cz\/en\/wp-json\/wp\/v2\/types\/page"}],"author":[{"embeddable":true,"href":"https:\/\/pondusair.cz\/en\/wp-json\/wp\/v2\/users\/1"}],"replies":[{"embeddable":true,"href":"https:\/\/pondusair.cz\/en\/wp-json\/wp\/v2\/comments?post=555"}],"version-history":[{"count":13,"href":"https:\/\/pondusair.cz\/en\/wp-json\/wp\/v2\/pages\/555\/revisions"}],"predecessor-version":[{"id":1971,"href":"https:\/\/pondusair.cz\/en\/wp-json\/wp\/v2\/pages\/555\/revisions\/1971"}],"wp:attachment":[{"href":"https:\/\/pondusair.cz\/en\/wp-json\/wp\/v2\/media?parent=555"}],"curies":[{"name":"wp","href":"https:\/\/api.w.org\/{rel}","templated":true}]}}